{"id":8853,"date":"2025-10-01T13:42:55","date_gmt":"2025-10-01T11:42:55","guid":{"rendered":"https:\/\/www.sourcetronic.com\/firma\/"},"modified":"2025-10-01T13:42:55","modified_gmt":"2025-10-01T11:42:55","slug":"firma","status":"publish","type":"page","link":"https:\/\/www.sourcetronic.com\/pl\/firma\/","title":{"rendered":"Firma"},"content":{"rendered":"<h2 class=\"bloghead\">Sourcetronic &#8211; Elektronika zapewniaj\u0105ca prawdziw\u0105 warto\u015b\u0107 dodan\u0105<\/h2>\n<p><img decoding=\"async\" style=\"width: 700px; height: 263px;\" src=\"https:\/\/www.sourcetronic.com\/wp-content\/uploads\/2020\/05\/societe.jpg\" alt=\"Firma\"><\/p>\n<p>Jako kompleksowy dostawca sprz\u0119tu elektrycznego, elektroniki i oprogramowania dla sektor\u00f3w techniki nap\u0119dowej i pomiarowej, Sourcetronic pomaga swoim klientom w kraju i za granic\u0105 w osi\u0105ganiu ich cel\u00f3w i wykorzystywaniu ich pe\u0142nego potencja\u0142u. Od momentu powstania, produkty i kompleksowy zakres us\u0142ug firmy z siedzib\u0105 w Bremie s\u0105 synonimem precyzji, niezawodno\u015bci i wysokiej jako\u015bci niemieckiej in\u017cynierii. Kolejnym kluczowym elementem \u0142a\u0144cucha warto\u015bci dodanej Sourcetronic jest doskona\u0142o\u015b\u0107 us\u0142ug. Technicy i doradcy utrzymuj\u0105 bliski, osobisty kontakt z klientami. Oznacza to, \u017ce \u017cadne pytanie nie pozostaje bez odpowiedzi, nieporozumienia s\u0105 wykluczone, a ka\u017cdy element wyposa\u017cenia technicznego mo\u017ce by\u0107 u\u017cywany natychmiast i tak wydajnie, jak Pa\u0144stwo sobie tego \u017cycz\u0105.    <\/p>\n<h2>Komfort i wydajno\u015b\u0107<\/h2>\n<p>Rozw\u00f3j trwa. W ka\u017cdym obszarze. Aby mogli Pa\u0144stwo dotrzyma\u0107 kroku przez ca\u0142y czas, wysoko wykwalifikowany zesp\u00f3\u0142 Sourcetronic stale ulepsza swoje pot\u0119\u017cne technologie. Klienci korzystaj\u0105 z ka\u017cdego etapu rozwoju, ze zwi\u0119kszonym komfortem i wydajno\u015bci\u0105 na najnowszym poziomie technicznym. To sprawia, \u017ce wsp\u00f3\u0142praca z Sourcetronic to inwestycja w przysz\u0142o\u015b\u0107.    <\/p>\n<h2>Gdzie s\u0105 mo\u017cliwo\u015bci<\/h2>\n<p>Rzut oka na siedzib\u0119 g\u0142\u00f3wn\u0105 firmy ujawnia wiele na temat jej wizerunku. Zak\u0142ad lotniczy w Bremie jest uwa\u017cany za jedn\u0105 z najwa\u017cniejszych niemieckich si\u0142 nap\u0119dowych innowacji. Co wi\u0119cej, hanzeatyckie cnoty, takie jak rozs\u0105dek, dalekowzroczno\u015b\u0107 i uczciwo\u015b\u0107 s\u0105 po\u017c\u0105dane na ca\u0142ym \u015bwiecie. Jako typowa firma z Bremy, Sourcetronic \u0142\u0105czy te cnoty, aby stworzy\u0107 wyj\u0105tkow\u0105 koncepcj\u0119 produkt\u00f3w i us\u0142ug. Firma celowo wybra\u0142a r\u00f3wnie\u017c lokalizacj\u0119 w Parku Technologicznym, jako bezpo\u015brednie s\u0105siedztwo Excellence University Bremen. Blisko\u015b\u0107 najnowocze\u015bniejszych bada\u0144 i ambitnych m\u0142odych ludzi gwarantuje kreatywn\u0105 wymian\u0119 i innowacyjne przyw\u00f3dztwo. Renomowani klienci krajowi i mi\u0119dzynarodowi wymieniaj\u0105 optymalne po\u0142\u0105czenie logistyczne w Bremie jako kolejny plus Sourcetronic. Z g\u0142\u00f3wnej lokalizacji logistycznej w Niemczech produkty Sourcetronic zawsze docieraj\u0105 do miejsca przeznaczenia na czas, zapewniaj\u0105c Pa\u0144stwu profesjonalne wsparcie zorientowane na rozwi\u0105zania.       <\/p>\n<h2>Referencje<\/h2>\n<p>ABB b.v.<br \/>\nAEG LDW GmbH &amp; Co. KG<br \/>\nAgramkow S\/A<br \/>\nAirbus GmbH<br \/>\nAqua Signal AG<br \/>\nATLAS Elektronik GmbH<br \/>\nAndritz Hydro GmbH<br \/>\nAudi AG<br \/>\nAUGUST BR\u00d6TJE GmbH<br \/>\nAutodesk S.a.r.l.<br \/>\nBang &amp; Olufsen medicom a\/s<br \/>\nBalkhausen Division of Brady GmbH<br \/>\nBeijing RuiBo Ltd.<br \/>\nBernstein AG<br \/>\nBlock Transformatoren-Elektronik GmbH &amp; Co. KG<br \/>\nContinental Automotive International<br \/>\nCooper Tools GmbH<br \/>\nCorning Calbe Systems GmbH<br \/>\nDaimler AG<br \/>\nDanfoss A\/S<br \/>\nDLR Deutsches Zentrum f\u00fcr Luft u. Raumfahrt<br \/>\nDolmar GmbH<br \/>\nDr\u00e4ger Medical AG<br \/>\nEaton Industries<br \/>\nElektro Mack GmbH<br \/>\nElster AG<br \/>\nEnercon GmbH<br \/>\nEppendorf AG<br \/>\nErwin Quarder Systemtechnik GmbH<br \/>\nESW GmbH<br \/>\nForschungszentrum Juelich GmbH<br \/>\nFraunhofer Institut IISB\/IWU\/ENAS<br \/>\nGrundfos A\/S<br \/>\nHella KGaA Hueck &amp; Co.<br \/>\nIBAK GmbH &amp; Co. KG<br \/>\nKampmann GmbH<br \/>\nKernkraftwerk Gundremmingen GmbH<br \/>\nLabinal GmbH<br \/>\nLenze Drive Systems GmbH<br \/>\nSystemy okablowania Leoni<br \/>\nLufthansa Technik AG<br \/>\nLumberg GmbH<br \/>\nMastervolt International BV<br \/>\nMax Planck Institute<br \/>\nMdexx GmbH<br \/>\nMelecs Holding GmbH<br \/>\nMiele Cie. GmbH &amp; Co.<br \/>\nMTU Kanada<br \/>\nMVV Energie AG<br \/>\nNabertherm GmbH<br \/>\nNorka St\u00e4cker GmbH &amp; Co. KG<br \/>\nPanasonic Electric Europe<br \/>\nPhilips GmbH Lighting<br \/>\nPhilips Medizin Systeme GmbH<br \/>\nPhoenix Contact Electronics GmbH<br \/>\nPhonix Mercano GmbH<br \/>\nRhode &amp; Schwarz GmbH<br \/>\nRobert Bosch GmbH<br \/>\nRockwell Automation AG<br \/>\nSaia-Burgess GmbH &amp; Co. KG<br \/>\nSEW Eurodrive GmbH &amp; Co. KG<br \/>\nSchunk Motorensysteme GmbH<br \/>\nSiemens AG<br \/>\nTechnische Universit\u00e4t Berlin<br \/>\nTechnische Universit\u00e4t M\u00fcnchen<br \/>\nTesto AG<br \/>\nUniwersytet w Bernie<br \/>\nVishay International<br \/>\nVolkswagen AG<br \/>\nWibo Heizungen<br \/>\nWilhelm Altendorf GmbH<\/p>\n","protected":false},"excerpt":{"rendered":"<p>Sourcetronic &#8211; Elektronika zapewniaj\u0105ca prawdziw\u0105 warto\u015b\u0107 dodan\u0105 Jako kompleksowy dostawca sprz\u0119tu elektrycznego, elektroniki i oprogramowania dla sektor\u00f3w techniki nap\u0119dowej i pomiarowej, Sourcetronic [&hellip;]<\/p>\n","protected":false},"author":22,"featured_media":0,"parent":0,"menu_order":0,"comment_status":"open","ping_status":"open","template":"","meta":{"footnotes":""},"class_list":["post-8853","page","type-page","status-publish","hentry"],"yoast_head":"<!-- This site is optimized with the Yoast SEO plugin v27.3 - https:\/\/yoast.com\/product\/yoast-seo-wordpress\/ -->\n<title>Firma - Sourcetronic GmbH<\/title>\n<meta name=\"robots\" content=\"index, follow, max-snippet:-1, max-image-preview:large, max-video-preview:-1\" \/>\n<meta property=\"og:locale\" content=\"pl_PL\" \/>\n<meta property=\"og:type\" content=\"article\" \/>\n<meta property=\"og:title\" content=\"Firma - Sourcetronic GmbH\" \/>\n<meta property=\"og:description\" content=\"Sourcetronic &#8211; Elektronika zapewniaj\u0105ca prawdziw\u0105 warto\u015b\u0107 dodan\u0105 Jako kompleksowy dostawca sprz\u0119tu elektrycznego, elektroniki i oprogramowania dla sektor\u00f3w techniki nap\u0119dowej i pomiarowej, Sourcetronic [&hellip;]\" \/>\n<meta property=\"og:url\" content=\"https:\/\/www.sourcetronic.com\/pl\/firma\/\" \/>\n<meta property=\"og:site_name\" content=\"Sourcetronic GmbH\" \/>\n<meta property=\"og:image\" content=\"https:\/\/www.sourcetronic.com\/wp-content\/uploads\/2020\/05\/societe.jpg\" \/>\n<meta name=\"twitter:card\" content=\"summary_large_image\" \/>\n<meta name=\"twitter:label1\" content=\"Est. reading time\" \/>\n\t<meta name=\"twitter:data1\" content=\"3 minutes\" \/>\n<!-- \/ Yoast SEO plugin. -->","yoast_head_json":{"title":"Firma - Sourcetronic GmbH","robots":{"index":"index","follow":"follow","max-snippet":"max-snippet:-1","max-image-preview":"max-image-preview:large","max-video-preview":"max-video-preview:-1"},"og_locale":"pl_PL","og_type":"article","og_title":"Firma - Sourcetronic GmbH","og_description":"Sourcetronic &#8211; Elektronika zapewniaj\u0105ca prawdziw\u0105 warto\u015b\u0107 dodan\u0105 Jako kompleksowy dostawca sprz\u0119tu elektrycznego, elektroniki i oprogramowania dla sektor\u00f3w techniki nap\u0119dowej i pomiarowej, Sourcetronic [&hellip;]","og_url":"https:\/\/www.sourcetronic.com\/pl\/firma\/","og_site_name":"Sourcetronic GmbH","og_image":[{"url":"https:\/\/www.sourcetronic.com\/wp-content\/uploads\/2020\/05\/societe.jpg","type":"","width":"","height":""}],"twitter_card":"summary_large_image","twitter_misc":{"Est. reading time":"3 minutes"},"schema":{"@context":"https:\/\/schema.org","@graph":[{"@type":"WebPage","@id":"https:\/\/www.sourcetronic.com\/pl\/firma\/","url":"https:\/\/www.sourcetronic.com\/pl\/firma\/","name":"Firma - Sourcetronic GmbH","isPartOf":{"@id":"https:\/\/www.sourcetronic.com\/pl\/#website"},"primaryImageOfPage":{"@id":"https:\/\/www.sourcetronic.com\/pl\/firma\/#primaryimage"},"image":{"@id":"https:\/\/www.sourcetronic.com\/pl\/firma\/#primaryimage"},"thumbnailUrl":"https:\/\/www.sourcetronic.com\/wp-content\/uploads\/2020\/05\/societe.jpg","datePublished":"2025-10-01T11:42:55+00:00","breadcrumb":{"@id":"https:\/\/www.sourcetronic.com\/pl\/firma\/#breadcrumb"},"inLanguage":"pl","potentialAction":[{"@type":"ReadAction","target":["https:\/\/www.sourcetronic.com\/pl\/firma\/"]}]},{"@type":"ImageObject","inLanguage":"pl","@id":"https:\/\/www.sourcetronic.com\/pl\/firma\/#primaryimage","url":"https:\/\/www.sourcetronic.com\/wp-content\/uploads\/2020\/05\/societe.jpg","contentUrl":"https:\/\/www.sourcetronic.com\/wp-content\/uploads\/2020\/05\/societe.jpg"},{"@type":"BreadcrumbList","@id":"https:\/\/www.sourcetronic.com\/pl\/firma\/#breadcrumb","itemListElement":[{"@type":"ListItem","position":1,"name":"Home","item":"https:\/\/www.sourcetronic.com\/shop\/pl\/"},{"@type":"ListItem","position":2,"name":"Firma"}]},{"@type":"WebSite","@id":"https:\/\/www.sourcetronic.com\/pl\/#website","url":"https:\/\/www.sourcetronic.com\/pl\/","name":"Sourcetronic GmbH","description":"we love electrons","publisher":{"@id":"https:\/\/www.sourcetronic.com\/pl\/#organization"},"potentialAction":[{"@type":"SearchAction","target":{"@type":"EntryPoint","urlTemplate":"https:\/\/www.sourcetronic.com\/pl\/?s={search_term_string}"},"query-input":{"@type":"PropertyValueSpecification","valueRequired":true,"valueName":"search_term_string"}}],"inLanguage":"pl"},{"@type":"Organization","@id":"https:\/\/www.sourcetronic.com\/pl\/#organization","name":"Sourcetronic GmbH","url":"https:\/\/www.sourcetronic.com\/pl\/","logo":{"@type":"ImageObject","inLanguage":"pl","@id":"https:\/\/www.sourcetronic.com\/pl\/#\/schema\/logo\/image\/","url":"https:\/\/www.sourcetronic.com\/wp-content\/uploads\/2019\/07\/st-icon-logo.png","contentUrl":"https:\/\/www.sourcetronic.com\/wp-content\/uploads\/2019\/07\/st-icon-logo.png","width":500,"height":500,"caption":"Sourcetronic GmbH"},"image":{"@id":"https:\/\/www.sourcetronic.com\/pl\/#\/schema\/logo\/image\/"}}]}},"_links":{"self":[{"href":"https:\/\/www.sourcetronic.com\/pl\/wp-json\/wp\/v2\/pages\/8853","targetHints":{"allow":["GET"]}}],"collection":[{"href":"https:\/\/www.sourcetronic.com\/pl\/wp-json\/wp\/v2\/pages"}],"about":[{"href":"https:\/\/www.sourcetronic.com\/pl\/wp-json\/wp\/v2\/types\/page"}],"author":[{"embeddable":true,"href":"https:\/\/www.sourcetronic.com\/pl\/wp-json\/wp\/v2\/users\/22"}],"replies":[{"embeddable":true,"href":"https:\/\/www.sourcetronic.com\/pl\/wp-json\/wp\/v2\/comments?post=8853"}],"version-history":[{"count":0,"href":"https:\/\/www.sourcetronic.com\/pl\/wp-json\/wp\/v2\/pages\/8853\/revisions"}],"wp:attachment":[{"href":"https:\/\/www.sourcetronic.com\/pl\/wp-json\/wp\/v2\/media?parent=8853"}],"curies":[{"name":"wp","href":"https:\/\/api.w.org\/{rel}","templated":true}]}}