{"id":7942,"date":"2025-09-19T16:36:43","date_gmt":"2025-09-19T14:36:43","guid":{"rendered":"https:\/\/www.sourcetronic.com\/blog-2\/"},"modified":"2025-09-19T16:36:43","modified_gmt":"2025-09-19T14:36:43","slug":"blog-2","status":"publish","type":"page","link":"https:\/\/www.sourcetronic.com\/pl\/blog-2\/","title":{"rendered":"Blog"},"content":{"rendered":"<h2 class=\"bloghead\">Blog po\u015bwi\u0119cony technice automatyzacji, technice nap\u0119dowej, technice pomiarowej i ofertom pracy w Bremie<\/h2>\n","protected":false},"excerpt":{"rendered":"<p>Blog po\u015bwi\u0119cony technice automatyzacji, technice nap\u0119dowej, technice pomiarowej i ofertom pracy w Bremie<\/p>\n","protected":false},"author":22,"featured_media":0,"parent":0,"menu_order":0,"comment_status":"open","ping_status":"open","template":"page-10.php","meta":{"footnotes":""},"class_list":["post-7942","page","type-page","status-publish","hentry"],"yoast_head":"<!-- This site is optimized with the Yoast SEO plugin v27.4 - https:\/\/yoast.com\/product\/yoast-seo-wordpress\/ -->\n<title>Blog po\u015bwi\u0119cony technologii nap\u0119d\u00f3w i technologii pomiarowej<\/title>\n<meta name=\"description\" content=\"Na blogu znajd\u0105 Pa\u0144stwo informacje o bie\u017c\u0105cych projektach Sourcetronic GmbH i zapoznaj\u0105 si\u0119 z nowo\u015bciami z sektora technologii nap\u0119d\u00f3w i pomiar\u00f3w.\" \/>\n<meta name=\"robots\" content=\"index, follow, max-snippet:-1, max-image-preview:large, max-video-preview:-1\" \/>\n<meta property=\"og:locale\" content=\"pl_PL\" \/>\n<meta property=\"og:type\" content=\"article\" \/>\n<meta property=\"og:title\" content=\"Blog po\u015bwi\u0119cony technologii nap\u0119d\u00f3w i technologii pomiarowej\" \/>\n<meta property=\"og:description\" content=\"Na blogu znajd\u0105 Pa\u0144stwo informacje o bie\u017c\u0105cych projektach Sourcetronic GmbH i zapoznaj\u0105 si\u0119 z nowo\u015bciami z sektora technologii nap\u0119d\u00f3w i pomiar\u00f3w.\" \/>\n<meta property=\"og:url\" content=\"https:\/\/www.sourcetronic.com\/pl\/blog-2\/\" \/>\n<meta property=\"og:site_name\" content=\"Sourcetronic GmbH\" \/>\n<meta name=\"twitter:card\" content=\"summary_large_image\" \/>\n<!-- \/ Yoast SEO plugin. -->","yoast_head_json":{"title":"Blog po\u015bwi\u0119cony technologii nap\u0119d\u00f3w i technologii pomiarowej","description":"Na blogu znajd\u0105 Pa\u0144stwo informacje o bie\u017c\u0105cych projektach Sourcetronic GmbH i zapoznaj\u0105 si\u0119 z nowo\u015bciami z sektora technologii nap\u0119d\u00f3w i pomiar\u00f3w.","robots":{"index":"index","follow":"follow","max-snippet":"max-snippet:-1","max-image-preview":"max-image-preview:large","max-video-preview":"max-video-preview:-1"},"og_locale":"pl_PL","og_type":"article","og_title":"Blog po\u015bwi\u0119cony technologii nap\u0119d\u00f3w i technologii pomiarowej","og_description":"Na blogu znajd\u0105 Pa\u0144stwo informacje o bie\u017c\u0105cych projektach Sourcetronic GmbH i zapoznaj\u0105 si\u0119 z nowo\u015bciami z sektora technologii nap\u0119d\u00f3w i pomiar\u00f3w.","og_url":"https:\/\/www.sourcetronic.com\/pl\/blog-2\/","og_site_name":"Sourcetronic GmbH","twitter_card":"summary_large_image","schema":{"@context":"https:\/\/schema.org","@graph":[{"@type":"WebPage","@id":"https:\/\/www.sourcetronic.com\/pl\/blog-2\/","url":"https:\/\/www.sourcetronic.com\/pl\/blog-2\/","name":"Blog po\u015bwi\u0119cony technologii nap\u0119d\u00f3w i technologii pomiarowej","isPartOf":{"@id":"https:\/\/www.sourcetronic.com\/pl\/#website"},"datePublished":"2025-09-19T14:36:43+00:00","description":"Na blogu znajd\u0105 Pa\u0144stwo informacje o bie\u017c\u0105cych projektach Sourcetronic GmbH i zapoznaj\u0105 si\u0119 z nowo\u015bciami z sektora technologii nap\u0119d\u00f3w i pomiar\u00f3w.","breadcrumb":{"@id":"https:\/\/www.sourcetronic.com\/pl\/blog-2\/#breadcrumb"},"inLanguage":"pl","potentialAction":[{"@type":"ReadAction","target":["https:\/\/www.sourcetronic.com\/pl\/blog-2\/"]}]},{"@type":"BreadcrumbList","@id":"https:\/\/www.sourcetronic.com\/pl\/blog-2\/#breadcrumb","itemListElement":[{"@type":"ListItem","position":1,"name":"Home","item":"https:\/\/www.sourcetronic.com\/shop\/pl\/"},{"@type":"ListItem","position":2,"name":"Blog"}]},{"@type":"WebSite","@id":"https:\/\/www.sourcetronic.com\/pl\/#website","url":"https:\/\/www.sourcetronic.com\/pl\/","name":"Sourcetronic GmbH","description":"we love electrons","publisher":{"@id":"https:\/\/www.sourcetronic.com\/pl\/#organization"},"potentialAction":[{"@type":"SearchAction","target":{"@type":"EntryPoint","urlTemplate":"https:\/\/www.sourcetronic.com\/pl\/?s={search_term_string}"},"query-input":{"@type":"PropertyValueSpecification","valueRequired":true,"valueName":"search_term_string"}}],"inLanguage":"pl"},{"@type":"Organization","@id":"https:\/\/www.sourcetronic.com\/pl\/#organization","name":"Sourcetronic GmbH","url":"https:\/\/www.sourcetronic.com\/pl\/","logo":{"@type":"ImageObject","inLanguage":"pl","@id":"https:\/\/www.sourcetronic.com\/pl\/#\/schema\/logo\/image\/","url":"https:\/\/www.sourcetronic.com\/wp-content\/uploads\/2019\/07\/st-icon-logo.png","contentUrl":"https:\/\/www.sourcetronic.com\/wp-content\/uploads\/2019\/07\/st-icon-logo.png","width":500,"height":500,"caption":"Sourcetronic GmbH"},"image":{"@id":"https:\/\/www.sourcetronic.com\/pl\/#\/schema\/logo\/image\/"}}]}},"_links":{"self":[{"href":"https:\/\/www.sourcetronic.com\/pl\/wp-json\/wp\/v2\/pages\/7942","targetHints":{"allow":["GET"]}}],"collection":[{"href":"https:\/\/www.sourcetronic.com\/pl\/wp-json\/wp\/v2\/pages"}],"about":[{"href":"https:\/\/www.sourcetronic.com\/pl\/wp-json\/wp\/v2\/types\/page"}],"author":[{"embeddable":true,"href":"https:\/\/www.sourcetronic.com\/pl\/wp-json\/wp\/v2\/users\/22"}],"replies":[{"embeddable":true,"href":"https:\/\/www.sourcetronic.com\/pl\/wp-json\/wp\/v2\/comments?post=7942"}],"version-history":[{"count":0,"href":"https:\/\/www.sourcetronic.com\/pl\/wp-json\/wp\/v2\/pages\/7942\/revisions"}],"wp:attachment":[{"href":"https:\/\/www.sourcetronic.com\/pl\/wp-json\/wp\/v2\/media?parent=7942"}],"curies":[{"name":"wp","href":"https:\/\/api.w.org\/{rel}","templated":true}]}}