{"id":5777,"date":"2024-10-14T10:48:00","date_gmt":"2024-10-14T08:48:00","guid":{"rendered":"https:\/\/www.sourcetronic.com\/faq\/"},"modified":"2025-11-25T11:43:26","modified_gmt":"2025-11-25T09:43:26","slug":"faq","status":"publish","type":"page","link":"https:\/\/www.sourcetronic.com\/pl\/faq\/","title":{"rendered":"FAQ"},"content":{"rendered":"<h2 class=\"bloghead\">Cz\u0119sto zadawane pytania i odpowiedzi &#8211; Technologia nap\u0119dowa i pomiarowa<\/h2>\n<p>Tutaj znajdziesz pomocne wskaz\u00f3wki i najcz\u0119\u015bciej zadawane pytania z zakresu technologii pomiarowej i techniki nap\u0119dowej. Dowiesz si\u0119 na przyk\u0142ad, jaka jest r\u00f3\u017cnica mi\u0119dzy kalibracj\u0105 a regulacj\u0105 urz\u0105dzenia pomiarowego, jak zabezpieczy\u0107 stacj\u0119 testow\u0105 wysokiego napi\u0119cia zgodnie z normami, a tak\u017ce uzyskasz pomoc w zakresie ustawie\u0144 i parametryzacji modeli przetwornic cz\u0119stotliwo\u015bci ST500, ST9000, ST8100 i ST7800. Niniejszy FAQ zawiera nie tylko odpowiedzi na wszystkie pytania dotycz\u0105ce parametryzacji, ale tak\u017ce odpowiedzi na pytania dotycz\u0105ce prawid\u0142owego wymiarowania przetwornicy cz\u0119stotliwo\u015bci w odniesieniu do silnika. Zach\u0119camy do sugerowania dalszych pyta\u0144 w sekcji: <\/p>\n<p><a style=\"text-decoration: none;\" title=\"Zaproponuj nowy termin w s\u0142owniku\" href=\"http:\/\/www.sourcetronic.com\/shop\/pl\/kontakt\/\">Zaproponuj nowy wpis<\/a><\/p>\n","protected":false},"excerpt":{"rendered":"<p>Cz\u0119sto zadawane pytania i odpowiedzi &#8211; Technologia nap\u0119dowa i pomiarowa Tutaj znajdziesz pomocne wskaz\u00f3wki i najcz\u0119\u015bciej zadawane pytania z zakresu technologii pomiarowej [&hellip;]<\/p>\n","protected":false},"author":22,"featured_media":0,"parent":0,"menu_order":0,"comment_status":"open","ping_status":"open","template":"template-faq-index.php","meta":{"footnotes":""},"class_list":["post-5777","page","type-page","status-publish","hentry"],"yoast_head":"<!-- This site is optimized with the Yoast SEO plugin v27.3 - https:\/\/yoast.com\/product\/yoast-seo-wordpress\/ -->\n<title>Technologia nap\u0119d\u00f3w i pomiar\u00f3w FAQ - Sourcetronic GmbH<\/title>\n<meta name=\"description\" content=\"Tutaj znajdziesz pomocne wskaz\u00f3wki na temat przetwornic cz\u0119stotliwo\u015bci. FAQ zawiera odpowiedzi na pytania dotycz\u0105ce parametryzacji, wymiarowania i wiele innych.\" \/>\n<meta name=\"robots\" content=\"index, follow, max-snippet:-1, max-image-preview:large, max-video-preview:-1\" \/>\n<meta property=\"og:locale\" content=\"pl_PL\" \/>\n<meta property=\"og:type\" content=\"article\" \/>\n<meta property=\"og:title\" content=\"Technologia nap\u0119d\u00f3w i pomiar\u00f3w FAQ - Sourcetronic GmbH\" \/>\n<meta property=\"og:description\" content=\"Tutaj znajdziesz pomocne wskaz\u00f3wki na temat przetwornic cz\u0119stotliwo\u015bci. FAQ zawiera odpowiedzi na pytania dotycz\u0105ce parametryzacji, wymiarowania i wiele innych.\" \/>\n<meta property=\"og:url\" content=\"https:\/\/www.sourcetronic.com\/pl\/faq\/\" \/>\n<meta property=\"og:site_name\" content=\"Sourcetronic GmbH\" \/>\n<meta property=\"article:modified_time\" content=\"2025-11-25T09:43:26+00:00\" \/>\n<meta name=\"twitter:card\" content=\"summary_large_image\" \/>\n<meta name=\"twitter:label1\" content=\"Est. reading time\" \/>\n\t<meta name=\"twitter:data1\" content=\"1 minute\" \/>\n<!-- \/ Yoast SEO plugin. -->","yoast_head_json":{"title":"Technologia nap\u0119d\u00f3w i pomiar\u00f3w FAQ - Sourcetronic GmbH","description":"Tutaj znajdziesz pomocne wskaz\u00f3wki na temat przetwornic cz\u0119stotliwo\u015bci. FAQ zawiera odpowiedzi na pytania dotycz\u0105ce parametryzacji, wymiarowania i wiele innych.","robots":{"index":"index","follow":"follow","max-snippet":"max-snippet:-1","max-image-preview":"max-image-preview:large","max-video-preview":"max-video-preview:-1"},"og_locale":"pl_PL","og_type":"article","og_title":"Technologia nap\u0119d\u00f3w i pomiar\u00f3w FAQ - Sourcetronic GmbH","og_description":"Tutaj znajdziesz pomocne wskaz\u00f3wki na temat przetwornic cz\u0119stotliwo\u015bci. FAQ zawiera odpowiedzi na pytania dotycz\u0105ce parametryzacji, wymiarowania i wiele innych.","og_url":"https:\/\/www.sourcetronic.com\/pl\/faq\/","og_site_name":"Sourcetronic GmbH","article_modified_time":"2025-11-25T09:43:26+00:00","twitter_card":"summary_large_image","twitter_misc":{"Est. reading time":"1 minute"},"schema":{"@context":"https:\/\/schema.org","@graph":[{"@type":"WebPage","@id":"https:\/\/www.sourcetronic.com\/pl\/faq\/","url":"https:\/\/www.sourcetronic.com\/pl\/faq\/","name":"Technologia nap\u0119d\u00f3w i pomiar\u00f3w FAQ - Sourcetronic GmbH","isPartOf":{"@id":"https:\/\/www.sourcetronic.com\/pl\/#website"},"datePublished":"2024-10-14T08:48:00+00:00","dateModified":"2025-11-25T09:43:26+00:00","description":"Tutaj znajdziesz pomocne wskaz\u00f3wki na temat przetwornic cz\u0119stotliwo\u015bci. FAQ zawiera odpowiedzi na pytania dotycz\u0105ce parametryzacji, wymiarowania i wiele innych.","breadcrumb":{"@id":"https:\/\/www.sourcetronic.com\/pl\/faq\/#breadcrumb"},"inLanguage":"pl","potentialAction":[{"@type":"ReadAction","target":["https:\/\/www.sourcetronic.com\/pl\/faq\/"]}]},{"@type":"BreadcrumbList","@id":"https:\/\/www.sourcetronic.com\/pl\/faq\/#breadcrumb","itemListElement":[{"@type":"ListItem","position":1,"name":"Home","item":"https:\/\/www.sourcetronic.com\/shop\/pl\/"},{"@type":"ListItem","position":2,"name":"FAQ"}]},{"@type":"WebSite","@id":"https:\/\/www.sourcetronic.com\/pl\/#website","url":"https:\/\/www.sourcetronic.com\/pl\/","name":"Sourcetronic GmbH","description":"we love electrons","publisher":{"@id":"https:\/\/www.sourcetronic.com\/pl\/#organization"},"potentialAction":[{"@type":"SearchAction","target":{"@type":"EntryPoint","urlTemplate":"https:\/\/www.sourcetronic.com\/pl\/?s={search_term_string}"},"query-input":{"@type":"PropertyValueSpecification","valueRequired":true,"valueName":"search_term_string"}}],"inLanguage":"pl"},{"@type":"Organization","@id":"https:\/\/www.sourcetronic.com\/pl\/#organization","name":"Sourcetronic GmbH","url":"https:\/\/www.sourcetronic.com\/pl\/","logo":{"@type":"ImageObject","inLanguage":"pl","@id":"https:\/\/www.sourcetronic.com\/pl\/#\/schema\/logo\/image\/","url":"https:\/\/www.sourcetronic.com\/wp-content\/uploads\/2019\/07\/st-icon-logo.png","contentUrl":"https:\/\/www.sourcetronic.com\/wp-content\/uploads\/2019\/07\/st-icon-logo.png","width":500,"height":500,"caption":"Sourcetronic GmbH"},"image":{"@id":"https:\/\/www.sourcetronic.com\/pl\/#\/schema\/logo\/image\/"}}]}},"_links":{"self":[{"href":"https:\/\/www.sourcetronic.com\/pl\/wp-json\/wp\/v2\/pages\/5777","targetHints":{"allow":["GET"]}}],"collection":[{"href":"https:\/\/www.sourcetronic.com\/pl\/wp-json\/wp\/v2\/pages"}],"about":[{"href":"https:\/\/www.sourcetronic.com\/pl\/wp-json\/wp\/v2\/types\/page"}],"author":[{"embeddable":true,"href":"https:\/\/www.sourcetronic.com\/pl\/wp-json\/wp\/v2\/users\/22"}],"replies":[{"embeddable":true,"href":"https:\/\/www.sourcetronic.com\/pl\/wp-json\/wp\/v2\/comments?post=5777"}],"version-history":[{"count":2,"href":"https:\/\/www.sourcetronic.com\/pl\/wp-json\/wp\/v2\/pages\/5777\/revisions"}],"predecessor-version":[{"id":8864,"href":"https:\/\/www.sourcetronic.com\/pl\/wp-json\/wp\/v2\/pages\/5777\/revisions\/8864"}],"wp:attachment":[{"href":"https:\/\/www.sourcetronic.com\/pl\/wp-json\/wp\/v2\/media?parent=5777"}],"curies":[{"name":"wp","href":"https:\/\/api.w.org\/{rel}","templated":true}]}}