{"id":4504,"date":"2013-09-17T18:37:26","date_gmt":"2013-09-17T16:37:26","guid":{"rendered":"https:\/\/www.sourcetronic.com\/glossar-seite\/"},"modified":"2025-09-30T11:06:06","modified_gmt":"2025-09-30T09:06:06","slug":"glossario","status":"publish","type":"page","link":"https:\/\/www.sourcetronic.com\/it\/glossario\/","title":{"rendered":"Glossario"},"content":{"rendered":"<h2 class=\"bloghead\">Wiki per la tecnologia di azionamento e misurazione<\/h2>\n<p>Questo glossario &#8211; wiki &#8211; lessico fornisce le definizioni dei termini tecnici relativi all&#8217;elettronica, ai convertitori di frequenza, alla tecnologia di azionamento, alla tecnologia di misurazione, ai dispositivi di misurazione, alla tecnologia solare e ai sistemi solari. Il glossario \u00e8 un progetto in corso con l&#8217;obiettivo di rendere pi\u00f9 comprensibili i termini elettronici ed elettrotecnici. Se vi sfugge un termine della tecnologia degli azionamenti, della tecnologia di misura o della tecnologia solare, suggeritelo qui sotto:<\/p>\n<p><a href=\"https:\/\/www.sourcetronic.com\/it\/contatto\/\">Suggerisci una nuova voce<\/a><\/p>\n<p>Numerosi utenti hanno gi\u00e0 contribuito all&#8217;ulteriore sviluppo del lessico con suggerimenti per nuove voci e miglioramenti: grazie mille per il vostro supporto! I termini del wiki sono ordinati alfabeticamente. \u00c8 possibile navigare attraverso la barra ABC o fare clic sugli argomenti.<\/p>\n<div class=\"glossary-atoz-wrapper\"><ul class=\"glossary-menu-atoz\"><li class=\"glossary-menu-item atoz-menu-a atoz-clickable atozmenu-off\" title=\"Terms: 5\"  data-alpha=\"a\"><a href=\"#a\">A<\/a><\/li><li class=\"glossary-menu-item atoz-menu-c atoz-clickable atozmenu-off\" title=\"Terms: 9\"  data-alpha=\"c\"><a href=\"#c\">C<\/a><\/li><li class=\"glossary-menu-item atoz-menu-d atoz-clickable atozmenu-off\" title=\"Terms: 1\"  data-alpha=\"d\"><a href=\"#d\">D<\/a><\/li><li class=\"glossary-menu-item atoz-menu-e atoz-clickable atozmenu-off\" title=\"Terms: 1\"  data-alpha=\"e\"><a href=\"#e\">E<\/a><\/li><li class=\"glossary-menu-item atoz-menu-f atoz-clickable atozmenu-off\" title=\"Terms: 3\"  data-alpha=\"f\"><a href=\"#f\">F<\/a><\/li><li class=\"glossary-menu-item atoz-menu-g atoz-clickable atozmenu-off\" title=\"Terms: 1\"  data-alpha=\"g\"><a href=\"#g\">G<\/a><\/li><li class=\"glossary-menu-item atoz-menu-i atoz-clickable atozmenu-off\" title=\"Terms: 3\"  data-alpha=\"i\"><a href=\"#i\">I<\/a><\/li><li class=\"glossary-menu-item atoz-menu-l atoz-clickable atozmenu-off\" title=\"Terms: 1\"  data-alpha=\"l\"><a href=\"#l\">L<\/a><\/li><li class=\"glossary-menu-item atoz-menu-m atoz-clickable atozmenu-off\" title=\"Terms: 7\"  data-alpha=\"m\"><a href=\"#m\">M<\/a><\/li><li class=\"glossary-menu-item atoz-menu-p atoz-clickable atozmenu-off\" title=\"Terms: 2\"  data-alpha=\"p\"><a href=\"#p\">P<\/a><\/li><li class=\"glossary-menu-item atoz-menu-q atoz-clickable atozmenu-off\" title=\"Terms: 1\"  data-alpha=\"q\"><a href=\"#q\">Q<\/a><\/li><li class=\"glossary-menu-item atoz-menu-r atoz-clickable atozmenu-off\" title=\"Terms: 12\"  data-alpha=\"r\"><a href=\"#r\">R<\/a><\/li><li class=\"glossary-menu-item atoz-menu-s atoz-clickable atozmenu-off\" title=\"Terms: 2\"  data-alpha=\"s\"><a href=\"#s\">S<\/a><\/li><li class=\"glossary-menu-item atoz-menu-t atoz-clickable atozmenu-off\" title=\"Terms: 3\"  data-alpha=\"t\"><a href=\"#t\">T<\/a><\/li><li class=\"glossary-menu-item atoz-menu-v atoz-clickable atozmenu-off\" title=\"Terms: 1\"  data-alpha=\"v\"><a href=\"#v\">V<\/a><\/li><\/ul><div style=\"clear: both;\"><\/div><div class=\"wpg-please-select\"><p>Please select from the menu above<\/p><\/div><div style=\"clear: both;\"><\/div><div class=\"glossary-atoz-wrapper\"><h2 id=\"a\">A<\/h2><ul class=\"glossary-atoz glossary-atoz-a\"><li class=\"glossary-item atoz-li atoz-li-a\"><a href=\"https:\/\/www.sourcetronic.com\/it\/glossary\/precisione-di-misura\/\" title=\"Accuratezza della misurazione\" >Accuratezza della misurazione<\/a><span class=\"glossary-item-desc\">L&#8217;accuratezza di misura indica quanto il risultato della [&hellip;]<\/span><\/li><li class=\"glossary-item atoz-li atoz-li-a\"><a href=\"https:\/\/www.sourcetronic.com\/it\/glossary\/adattatore-smd\/\" title=\"Adattatore SMD\" >Adattatore SMD<\/a><span class=\"glossary-item-desc\">I termini adattatore SMD e pinzetta SMD provengono [&hellip;]<\/span><\/li><li class=\"glossary-item atoz-li atoz-li-a\"><a href=\"https:\/\/www.sourcetronic.com\/it\/glossary\/allegati-dellunita\/\" title=\"Allegati dell&#8217;unit\u00e0\" >Allegati dell&#8217;unit\u00e0<\/a><span class=\"glossary-item-desc\">Femto f 10\u221215 0,000.000.000.000.001, Piko p 10\u221212 0,000.000.000.001 [...]<\/span><\/li><li class=\"glossary-item atoz-li atoz-li-a\"><a href=\"https:\/\/www.sourcetronic.com\/it\/glossary\/angolo-di-fase\/\" title=\"Angolo di fase\" >Angolo di fase<\/a><span class=\"glossary-item-desc\">Indica la posizione di fase tra la tensione [&hellip;]<\/span><\/li><li class=\"glossary-item atoz-li atoz-li-a\"><a href=\"https:\/\/www.sourcetronic.com\/it\/glossary\/avvolgimenti\/\" title=\"Avvolgimenti\" >Avvolgimenti<\/a><span class=\"glossary-item-desc\">Il termine spire descrive il numero di spire [&hellip;]<\/span><\/li><\/ul><a class=\"top\" href=\"#top\">Nach oben<\/a><h2 id=\"c\">C<\/h2><ul class=\"glossary-atoz glossary-atoz-c\"><li class=\"glossary-item atoz-li atoz-li-c\"><a href=\"https:\/\/www.sourcetronic.com\/it\/glossary\/calibrazione\/\" title=\"Calibrazione\" >Calibrazione<\/a><span class=\"glossary-item-desc\">Confronto tra le misure di un'apparecchiatura di prova e i valori di una pi\u00f9 accurata [...]<\/span><\/li><li class=\"glossary-item atoz-li atoz-li-c\"><a href=\"https:\/\/www.sourcetronic.com\/it\/glossary\/campo-di-misura\/\" title=\"Campo di misura\" >Campo di misura<\/a><span class=\"glossary-item-desc\">Un dispositivo di misura reagisce a una grandezza [&hellip;]<\/span><\/li><li class=\"glossary-item atoz-li atoz-li-c\"><a href=\"https:\/\/www.sourcetronic.com\/it\/glossary\/chopper-per-freni\/\" title=\"Chopper per freni\" >Chopper per freni<\/a><span class=\"glossary-item-desc\">Un chopper di frenatura viene utilizzato per monitorare la tensione del [...]<\/span><\/li><li class=\"glossary-item atoz-li atoz-li-c\"><a href=\"https:\/\/www.sourcetronic.com\/it\/glossary\/circuito-risonante\/\" title=\"Circuito risonante\" >Circuito risonante<\/a><span class=\"glossary-item-desc\">Un circuito elettrico risonante composto da una bobina [&hellip;]<\/span><\/li><li class=\"glossary-item atoz-li atoz-li-c\"><a href=\"https:\/\/www.sourcetronic.com\/it\/glossary\/riservatezza-elettromagnetica\/\" title=\"Compatibilit\u00e0 elettromagnetica\" >Compatibilit\u00e0 elettromagnetica<\/a><span class=\"glossary-item-desc\"><!--:en-->La compatibilit\u00e0 elettromagnetica, o EMC in breve, descrive [...]<!--:--><\/span><\/li><li class=\"glossary-item atoz-li atoz-li-c\"><a href=\"https:\/\/www.sourcetronic.com\/it\/glossary\/contatti-kelvin\/\" title=\"Contatti Kelvin\" >Contatti Kelvin<\/a><span class=\"glossary-item-desc\">Im 19. Jahrhundert dozierte Baron Kelvin als Professor f\u00fcr theoretische Physik [...]<\/span><\/li><li class=\"glossary-item atoz-li atoz-li-c\"><a href=\"https:\/\/www.sourcetronic.com\/it\/glossary\/controllo-degli-strumenti-di-misura\/\" title=\"Controllo degli strumenti di misura\" >Controllo degli strumenti di misura<\/a><span class=\"glossary-item-desc\"><!--:it-->Gli strumenti di misura possono essere controllati comodamente tramite diverse interfacce [...]<!--:--><\/span><\/li><li class=\"glossary-item atoz-li atoz-li-c\"><a href=\"https:\/\/www.sourcetronic.com\/it\/glossary\/drehzahlregelung\/\" title=\"Controllo della velocit\u00e0\" >Controllo della velocit\u00e0<\/a><span class=\"glossary-item-desc\">Incontriamo il controllo di velocit\u00e0 dei motori elettrici in un moderno [...]<\/span><\/li><li class=\"glossary-item atoz-li atoz-li-c\"><a href=\"https:\/\/www.sourcetronic.com\/it\/glossary\/convertitore-di-frequenza\/\" title=\"Convertitore di frequenza\" >Convertitore di frequenza<\/a><span class=\"glossary-item-desc\">Un convertitore di frequenza (inverter) \u00e8 un dispositivo [&hellip;]<\/span><\/li><\/ul><a class=\"top\" href=\"#top\">Nach oben<\/a><h2 id=\"d\">D<\/h2><ul class=\"glossary-atoz glossary-atoz-d\"><li class=\"glossary-item atoz-li atoz-li-d\"><a href=\"https:\/\/www.sourcetronic.com\/it\/glossary\/dispositivo-di-misura-del-trasformatore\/\" title=\"Dispositivo di misura del trasformatore\" >Dispositivo di misura del trasformatore<\/a><span class=\"glossary-item-desc\">Il dispositivo di misurazione dei trasformatori \u00e8 adatto [&hellip;]<\/span><\/li><\/ul><a class=\"top\" href=\"#top\">Nach oben<\/a><h2 id=\"e\">E<\/h2><ul class=\"glossary-atoz glossary-atoz-e\"><li class=\"glossary-item atoz-li atoz-li-e\"><a href=\"https:\/\/www.sourcetronic.com\/it\/glossary\/effetto-pelle\/\" title=\"Effetto pelle (correnti parassite)\" >Effetto pelle (correnti parassite)<\/a><span class=\"glossary-item-desc\">A frequenze pi\u00f9 elevate, si muovono soprattutto gli [&hellip;]<\/span><\/li><\/ul><a class=\"top\" href=\"#top\">Nach oben<\/a><h2 id=\"f\">F<\/h2><ul class=\"glossary-atoz glossary-atoz-f\"><li class=\"glossary-item atoz-li atoz-li-f\"><a href=\"https:\/\/www.sourcetronic.com\/it\/glossary\/fase\/\" title=\"Fase\" >Fase<\/a><span class=\"glossary-item-desc\">La fase \u00e8 la distanza temporale di uno [&hellip;]<\/span><\/li><li class=\"glossary-item atoz-li atoz-li-f\"><a href=\"https:\/\/www.sourcetronic.com\/it\/glossary\/fattore-qualita\/\" title=\"Fattore qualit\u00e0\" >Fattore qualit\u00e0<\/a><span class=\"glossary-item-desc\">Il fattore di qualit\u00e0 (Q), fattore di qualit\u00e0, [&hellip;]<\/span><\/li><li class=\"glossary-item atoz-li atoz-li-f\"><a href=\"https:\/\/www.sourcetronic.com\/it\/glossary\/filtro-emv\/\" title=\"Filtro EMC\" >Filtro EMC<\/a><span class=\"glossary-item-desc\">Poich\u00e9 la compatibilit\u00e0 elettromagnetica, o EMC in breve, [&hellip;]<\/span><\/li><\/ul><a class=\"top\" href=\"#top\">Nach oben<\/a><h2 id=\"g\">G<\/h2><ul class=\"glossary-atoz glossary-atoz-g\"><li class=\"glossary-item atoz-li atoz-li-g\"><a href=\"https:\/\/www.sourcetronic.com\/it\/glossary\/guida-lcr-metro\/\" title=\"Guida Misuratore LCR\" >Guida Misuratore LCR<\/a><span class=\"glossary-item-desc\"><!--:en-->In questa guida troverete alcuni consigli utili e i primi passi [...]<!--:--><\/span><\/li><\/ul><a class=\"top\" href=\"#top\">Nach oben<\/a><h2 id=\"i\">I<\/h2><ul class=\"glossary-atoz glossary-atoz-i\"><li class=\"glossary-item atoz-li atoz-li-i\"><a href=\"https:\/\/www.sourcetronic.com\/it\/glossary\/impedenza\/\" title=\"Impedenza\" >Impedenza<\/a><span class=\"glossary-item-desc\">Nella tecnologia della corrente alternata, l'impedenza (simbolo della formula Z) si riferisce [...]...<\/span><\/li><li class=\"glossary-item atoz-li atoz-li-i\"><a href=\"https:\/\/www.sourcetronic.com\/it\/glossary\/induttanza-di-rete\/\" title=\"Induttanza di rete\" >Induttanza di rete<\/a><span class=\"glossary-item-desc\">Tra la rete di alimentazione e l&#8217;inverter \u00e8 [&hellip;]<\/span><\/li><li class=\"glossary-item atoz-li atoz-li-i\"><a href=\"https:\/\/www.sourcetronic.com\/it\/glossary\/induttanza-di-dispersione\/\" title=\"Induttanza parassita\" >Induttanza parassita<\/a><span class=\"glossary-item-desc\">Il termine induttanza di dispersione descrive la componente [&hellip;]<\/span><\/li><\/ul><a class=\"top\" href=\"#top\">Nach oben<\/a><h2 id=\"l\">L<\/h2><ul class=\"glossary-atoz glossary-atoz-l\"><li class=\"glossary-item atoz-li atoz-li-l\"><a href=\"https:\/\/www.sourcetronic.com\/it\/glossary\/motore-del-ventilatore\/\" title=\"L\u00fcftermotor\" >L\u00fcftermotor<\/a><span class=\"glossary-item-desc\"><!--:en-->Le ventole e i loro motori sono quasi scomparsi dai moderni impianti industriali [...]<!--:--><\/span><\/li><\/ul><a class=\"top\" href=\"#top\">Nach oben<\/a><h2 id=\"m\">M<\/h2><ul class=\"glossary-atoz glossary-atoz-m\"><li class=\"glossary-item atoz-li atoz-li-m\"><a href=\"https:\/\/www.sourcetronic.com\/it\/glossary\/mesure-de-la-capacite\/\" title=\"Mesure de la capacit\u00e9\" >Mesure de la capacit\u00e9<\/a><span class=\"glossary-item-desc\">Un condensateur est constitu\u00e9 de deux \u00e9l\u00e9ments isol\u00e9s l'un de l'autre et plac\u00e9s face \u00e0 face.<\/span><\/li><li class=\"glossary-item atoz-li atoz-li-m\"><a href=\"https:\/\/www.sourcetronic.com\/it\/glossary\/misura-a-quattro-fili\/\" title=\"Misura a quattro fili\" >Misura a quattro fili<\/a><span class=\"glossary-item-desc\">Nella misura a quattro fili, una sorgente di [&hellip;]<\/span><\/li><li class=\"glossary-item atoz-li atoz-li-m\"><a href=\"https:\/\/www.sourcetronic.com\/it\/glossary\/misurazione-dellisolamento\/\" title=\"Misura dell&#8217;isolamento\" >Misura dell&#8217;isolamento<\/a><span class=\"glossary-item-desc\"><!--:en-->La misurazione dell'isolamento \u00e8 un metodo con cui [...]<!--:--><\/span><\/li><li class=\"glossary-item atoz-li atoz-li-m\"><a href=\"https:\/\/www.sourcetronic.com\/it\/glossary\/misura-della-corrente-di-dispersione\/\" title=\"Misura della corrente di dispersione\" >Misura della corrente di dispersione<\/a><span class=\"glossary-item-desc\"><!--:it-->La misurazione della corrente di dispersione viene effettuata nel corso dell'ispezione [...]<!--:--><\/span><\/li><li class=\"glossary-item atoz-li atoz-li-m\"><a href=\"https:\/\/www.sourcetronic.com\/it\/glossary\/esr-messung\/\" title=\"Misura della ESR\" >Misura della ESR<\/a><span class=\"glossary-item-desc\">La Resistenza Serie Equivalente (ESR) si riferisce alla resistenza di perdita interna [...].<\/span><\/li><li class=\"glossary-item atoz-li atoz-li-m\"><a href=\"https:\/\/www.sourcetronic.com\/it\/glossary\/misura-della-resistenza\/\" title=\"Misura della resistenza\" >Misura della resistenza<\/a><span class=\"glossary-item-desc\">Un micro ohmmetro viene utilizzato per misurare la [&hellip;]<\/span><\/li><li class=\"glossary-item atoz-li atoz-li-m\"><a href=\"https:\/\/www.sourcetronic.com\/it\/glossary\/induktivitaet-misurazione\/\" title=\"Misurare l&#8217;induttanza\" >Misurare l&#8217;induttanza<\/a><span class=\"glossary-item-desc\">Una bobina ha come propriet\u00e0 principale l'induttanza ed \u00e8 creata dalla [...]<\/span><\/li><\/ul><a class=\"top\" href=\"#top\">Nach oben<\/a><h2 id=\"p\">P<\/h2><ul class=\"glossary-atoz glossary-atoz-p\"><li class=\"glossary-item atoz-li atoz-li-p\"><a href=\"https:\/\/www.sourcetronic.com\/it\/glossary\/protocollo-modbus\/\" title=\"Protocollo Modbus\" >Protocollo Modbus<\/a><span class=\"glossary-item-desc\"><!--:en-->Protocollo Modbus per inverter - il pi\u00f9 importante in breve [...]<!--:--><\/span><\/li><li class=\"glossary-item atoz-li atoz-li-p\"><a href=\"https:\/\/www.sourcetronic.com\/it\/glossary\/pt100\/\" title=\"PT100\" >PT100<\/a><span class=\"glossary-item-desc\">Monitoraggio della temperatura con PT100 come misura di protezione per [...]<\/span><\/li><\/ul><a class=\"top\" href=\"#top\">Nach oben<\/a><h2 id=\"q\">Q<\/h2><ul class=\"glossary-atoz glossary-atoz-q\"><li class=\"glossary-item atoz-li atoz-li-q\"><a href=\"https:\/\/www.sourcetronic.com\/it\/glossary\/quantita-elettriche\/\" title=\"Quantit\u00e0 elettriche\" >Quantit\u00e0 elettriche<\/a><span class=\"glossary-item-desc\">Tra il circuito elettrico e il circuito magnetico [&hellip;]<\/span><\/li><\/ul><a class=\"top\" href=\"#top\">Nach oben<\/a><h2 id=\"r\">R<\/h2><ul class=\"glossary-atoz glossary-atoz-r\"><li class=\"glossary-item atoz-li atoz-li-r\"><a href=\"https:\/\/www.sourcetronic.com\/it\/glossary\/rapporto-di-avvolgimento\/\" title=\"Rapporto di avvolgimento\" >Rapporto di avvolgimento<\/a><span class=\"glossary-item-desc\">A volte, il rapporto di vento \u00e8 anche [...]<\/span><\/li><li class=\"glossary-item atoz-li atoz-li-r\"><a href=\"https:\/\/www.sourcetronic.com\/it\/glossary\/regola-di-lenz\/\" title=\"Regola di Lenz\" >Regola di Lenz<\/a><span class=\"glossary-item-desc\">La legge si riferisce all'induzione elettromagnetica. Il generale [...]<\/span><\/li><li class=\"glossary-item atoz-li atoz-li-r\"><a href=\"https:\/\/www.sourcetronic.com\/it\/glossary\/regolazione-delle-ballerine\/\" title=\"Regolazione delle ballerine\" >Regolazione delle ballerine<\/a><span class=\"glossary-item-desc\">I cosiddetti ballerini sono utilizzati, ad esempio, nei [&hellip;]<\/span><\/li><li class=\"glossary-item atoz-li atoz-li-r\"><a href=\"https:\/\/www.sourcetronic.com\/it\/glossary\/resistenza-allisolamento\/\" title=\"Resistenza all&#8217;isolamento\" >Resistenza all&#8217;isolamento<\/a><span class=\"glossary-item-desc\"><!--:en-->La resistenza di isolamento \u00e8 la resistenza in ohm di fili, cavi e [...]<!--:--><\/span><\/li><li class=\"glossary-item atoz-li atoz-li-r\"><a href=\"https:\/\/www.sourcetronic.com\/it\/glossary\/resistenza-effettiva\/\" title=\"Resistenza attiva\" >Resistenza attiva<\/a><span class=\"glossary-item-desc\">Per un resistore ohmico o un resistore attivo [&hellip;]<\/span><\/li><li class=\"glossary-item atoz-li atoz-li-r\"><a href=\"https:\/\/www.sourcetronic.com\/it\/glossary\/resistenza-di-contatto\/\" title=\"Resistenza di contatto\" >Resistenza di contatto<\/a><span class=\"glossary-item-desc\">La resistenza di contatto \u00e8 la resistenza elettrica che [...]<\/span><\/li><li class=\"glossary-item atoz-li atoz-li-r\"><a href=\"https:\/\/www.sourcetronic.com\/it\/glossary\/resistenza-alla-frenatura\/\" title=\"Resistenza di frenatura\" >Resistenza di frenatura<\/a><span class=\"glossary-item-desc\">Le resistenze di frenatura sono necessarie in molte macchine ad azionamento elettrico [...]<\/span><\/li><li class=\"glossary-item atoz-li atoz-li-r\"><a href=\"https:\/\/www.sourcetronic.com\/it\/glossary\/dispositivo-di-misurazione-della-resistenza\/\" title=\"Resistenza metrica\" >Resistenza metrica<\/a><span class=\"glossary-item-desc\">Un micro ohmmetro \u00e8 un dispositivo di misurazione della resistenza [...].<\/span><\/li><li class=\"glossary-item atoz-li atoz-li-r\"><a href=\"https:\/\/www.sourcetronic.com\/it\/glossary\/resistore-ca\/\" title=\"Resistore CA\" >Resistore CA<\/a><span class=\"glossary-item-desc\">Con un resistore puramente ohmico R nel circuito CA, la corrente [...]<\/span><\/li><li class=\"glossary-item atoz-li atoz-li-r\"><a href=\"https:\/\/www.sourcetronic.com\/it\/glossary\/resistore-cc\/\" title=\"Resistore CC\" >Resistore CC<\/a><span class=\"glossary-item-desc\">La resistenza elettrica di un conduttore dipende essenzialmente dal suo [...]<\/span><\/li><li class=\"glossary-item atoz-li atoz-li-r\"><a href=\"https:\/\/www.sourcetronic.com\/it\/glossary\/risoluzione\/\" title=\"Risoluzione\" >Risoluzione<\/a><span class=\"glossary-item-desc\">La risoluzione \u00e8 la capacit\u00e0 di un dispositivo di misura (ad es. un convertitore AD) [...]<\/span><\/li><li class=\"glossary-item atoz-li atoz-li-r\"><a href=\"https:\/\/www.sourcetronic.com\/it\/glossary\/risoluzione-e-precisione\/\" title=\"Risoluzione e precisione\" >Risoluzione e precisione<\/a><span class=\"glossary-item-desc\">L'idoneit\u00e0 o meno di uno strumento di misura a svolgere un compito di misurazione [...]<\/span><\/li><\/ul><a class=\"top\" href=\"#top\">Nach oben<\/a><h2 id=\"s\">S<\/h2><ul class=\"glossary-atoz glossary-atoz-s\"><li class=\"glossary-item atoz-li atoz-li-s\"><a href=\"https:\/\/www.sourcetronic.com\/it\/glossary\/spostamento-di-fase\/\" title=\"Spostamento di fase\" >Spostamento di fase<\/a><span class=\"glossary-item-desc\">In un sistema con diverse variabili sinusoidali alternate, [&hellip;]<\/span><\/li><li class=\"glossary-item atoz-li atoz-li-s\"><a href=\"https:\/\/www.sourcetronic.com\/it\/glossary\/strozzatura-del-motore\/\" title=\"Strozzatura del motore\" >Strozzatura del motore<\/a><span class=\"glossary-item-desc\">Tra l&#8217;inverter e il motore \u00e8 collegata un&#8217;induttanza [&hellip;]<\/span><\/li><\/ul><a class=\"top\" href=\"#top\">Nach oben<\/a><h2 id=\"t\">T<\/h2><ul class=\"glossary-atoz glossary-atoz-t\"><li class=\"glossary-item atoz-li atoz-li-t\"><a href=\"https:\/\/www.sourcetronic.com\/it\/glossary\/test-di-alta-tensione\/\" title=\"Test di alta tensione\" >Test di alta tensione<\/a><span class=\"glossary-item-desc\">La prova di alta tensione viene eseguita per [&hellip;]<\/span><\/li><li class=\"glossary-item atoz-li atoz-li-t\"><a href=\"https:\/\/www.sourcetronic.com\/it\/glossary\/test-di-protezione\/\" title=\"Test di protezione\" >Test di protezione<\/a><span class=\"glossary-item-desc\">Un test di protezione consiste nel verificare i [&hellip;]<\/span><\/li><li class=\"glossary-item atoz-li atoz-li-t\"><a href=\"https:\/\/www.sourcetronic.com\/it\/glossary\/trasformatore\/\" title=\"Trasformatore\" >Trasformatore<\/a><span class=\"glossary-item-desc\">Con un trasformatore, le tensioni alternate vengono aumentate o [...]<\/span><\/li><\/ul><a class=\"top\" href=\"#top\">Nach oben<\/a><h2 id=\"v\">V<\/h2><ul class=\"glossary-atoz glossary-atoz-v\"><li class=\"glossary-item atoz-li atoz-li-v\"><a href=\"https:\/\/www.sourcetronic.com\/it\/glossary\/velocita-di-misurazione\/\" title=\"Velocit\u00e0 di misurazione\" >Velocit\u00e0 di misurazione<\/a><span class=\"glossary-item-desc\">Chiamato anche tasso di misura o frequenza di [&hellip;]<\/span><\/li><\/ul><a class=\"top\" href=\"#top\">Nach oben<\/a><\/div><\/div>\n","protected":false},"excerpt":{"rendered":"<p>Wiki per la tecnologia di azionamento e misurazione [&hellip;]<\/p>\n","protected":false},"author":22,"featured_media":0,"parent":0,"menu_order":0,"comment_status":"open","ping_status":"open","template":"template-glossary-index.php","meta":{"footnotes":""},"class_list":["post-4504","page","type-page","status-publish","hentry"],"yoast_head":"<!-- This site is optimized with the Yoast SEO plugin v27.3 - https:\/\/yoast.com\/product\/yoast-seo-wordpress\/ -->\n<title>Glossario per la tecnologia degli azionamenti e la tecnologia di misuranik<\/title>\n<meta name=\"description\" content=\"Wiki per la tecnologia degli azionamenti e la tecnologia di misura. Questo glossario offre le definizioni di termini tecnici tratti dal lessico dell&#039;argomento.\" \/>\n<meta name=\"robots\" content=\"index, follow, max-snippet:-1, max-image-preview:large, max-video-preview:-1\" \/>\n<meta property=\"og:locale\" content=\"it_IT\" \/>\n<meta property=\"og:type\" content=\"article\" \/>\n<meta property=\"og:title\" content=\"Glossario per la tecnologia degli azionamenti e la tecnologia di misuranik\" \/>\n<meta property=\"og:description\" content=\"Wiki per la tecnologia degli azionamenti e la tecnologia di misura. Questo glossario offre le definizioni di termini tecnici tratti dal lessico dell&#039;argomento.\" \/>\n<meta property=\"og:url\" content=\"https:\/\/www.sourcetronic.com\/it\/glossario\/\" \/>\n<meta property=\"og:site_name\" content=\"Sourcetronic GmbH\" \/>\n<meta property=\"article:modified_time\" content=\"2025-09-30T09:06:06+00:00\" \/>\n<meta name=\"twitter:card\" content=\"summary_large_image\" \/>\n<meta name=\"twitter:label1\" content=\"Est. reading time\" \/>\n\t<meta name=\"twitter:data1\" content=\"1 minute\" \/>\n<!-- \/ Yoast SEO plugin. -->","yoast_head_json":{"title":"Glossario per la tecnologia degli azionamenti e la tecnologia di misuranik","description":"Wiki per la tecnologia degli azionamenti e la tecnologia di misura. Questo glossario offre le definizioni di termini tecnici tratti dal lessico dell'argomento.","robots":{"index":"index","follow":"follow","max-snippet":"max-snippet:-1","max-image-preview":"max-image-preview:large","max-video-preview":"max-video-preview:-1"},"og_locale":"it_IT","og_type":"article","og_title":"Glossario per la tecnologia degli azionamenti e la tecnologia di misuranik","og_description":"Wiki per la tecnologia degli azionamenti e la tecnologia di misura. Questo glossario offre le definizioni di termini tecnici tratti dal lessico dell'argomento.","og_url":"https:\/\/www.sourcetronic.com\/it\/glossario\/","og_site_name":"Sourcetronic GmbH","article_modified_time":"2025-09-30T09:06:06+00:00","twitter_card":"summary_large_image","twitter_misc":{"Est. reading time":"1 minute"},"schema":{"@context":"https:\/\/schema.org","@graph":[{"@type":"WebPage","@id":"https:\/\/www.sourcetronic.com\/it\/glossario\/","url":"https:\/\/www.sourcetronic.com\/it\/glossario\/","name":"Glossario per la tecnologia degli azionamenti e la tecnologia di misuranik","isPartOf":{"@id":"https:\/\/www.sourcetronic.com\/it\/#website"},"datePublished":"2013-09-17T16:37:26+00:00","dateModified":"2025-09-30T09:06:06+00:00","description":"Wiki per la tecnologia degli azionamenti e la tecnologia di misura. Questo glossario offre le definizioni di termini tecnici tratti dal lessico dell'argomento.","breadcrumb":{"@id":"https:\/\/www.sourcetronic.com\/it\/glossario\/#breadcrumb"},"inLanguage":"it","potentialAction":[{"@type":"ReadAction","target":["https:\/\/www.sourcetronic.com\/it\/glossario\/"]}]},{"@type":"BreadcrumbList","@id":"https:\/\/www.sourcetronic.com\/it\/glossario\/#breadcrumb","itemListElement":[{"@type":"ListItem","position":1,"name":"Home","item":"https:\/\/www.sourcetronic.com\/shop\/it\/"},{"@type":"ListItem","position":2,"name":"Glossar"}]},{"@type":"WebSite","@id":"https:\/\/www.sourcetronic.com\/it\/#website","url":"https:\/\/www.sourcetronic.com\/it\/","name":"Sourcetronic GmbH","description":"we love electrons","publisher":{"@id":"https:\/\/www.sourcetronic.com\/it\/#organization"},"potentialAction":[{"@type":"SearchAction","target":{"@type":"EntryPoint","urlTemplate":"https:\/\/www.sourcetronic.com\/it\/?s={search_term_string}"},"query-input":{"@type":"PropertyValueSpecification","valueRequired":true,"valueName":"search_term_string"}}],"inLanguage":"it"},{"@type":"Organization","@id":"https:\/\/www.sourcetronic.com\/it\/#organization","name":"Sourcetronic GmbH","url":"https:\/\/www.sourcetronic.com\/it\/","logo":{"@type":"ImageObject","inLanguage":"it","@id":"https:\/\/www.sourcetronic.com\/it\/#\/schema\/logo\/image\/","url":"https:\/\/www.sourcetronic.com\/wp-content\/uploads\/2019\/07\/st-icon-logo.png","contentUrl":"https:\/\/www.sourcetronic.com\/wp-content\/uploads\/2019\/07\/st-icon-logo.png","width":500,"height":500,"caption":"Sourcetronic GmbH"},"image":{"@id":"https:\/\/www.sourcetronic.com\/it\/#\/schema\/logo\/image\/"}}]}},"_links":{"self":[{"href":"https:\/\/www.sourcetronic.com\/it\/wp-json\/wp\/v2\/pages\/4504","targetHints":{"allow":["GET"]}}],"collection":[{"href":"https:\/\/www.sourcetronic.com\/it\/wp-json\/wp\/v2\/pages"}],"about":[{"href":"https:\/\/www.sourcetronic.com\/it\/wp-json\/wp\/v2\/types\/page"}],"author":[{"embeddable":true,"href":"https:\/\/www.sourcetronic.com\/it\/wp-json\/wp\/v2\/users\/22"}],"replies":[{"embeddable":true,"href":"https:\/\/www.sourcetronic.com\/it\/wp-json\/wp\/v2\/comments?post=4504"}],"version-history":[{"count":4,"href":"https:\/\/www.sourcetronic.com\/it\/wp-json\/wp\/v2\/pages\/4504\/revisions"}],"predecessor-version":[{"id":8707,"href":"https:\/\/www.sourcetronic.com\/it\/wp-json\/wp\/v2\/pages\/4504\/revisions\/8707"}],"wp:attachment":[{"href":"https:\/\/www.sourcetronic.com\/it\/wp-json\/wp\/v2\/media?parent=4504"}],"curies":[{"name":"wp","href":"https:\/\/api.w.org\/{rel}","templated":true}]}}