{"id":3165,"date":"2019-12-27T17:30:13","date_gmt":"2019-12-27T15:30:13","guid":{"rendered":"https:\/\/www.sourcetronic.com\/?page_id=3165"},"modified":"2022-12-07T14:09:28","modified_gmt":"2022-12-07T12:09:28","slug":"azienda","status":"publish","type":"page","link":"https:\/\/www.sourcetronic.com\/it\/azienda\/","title":{"rendered":"Azienda"},"content":{"rendered":"<h2 class=\"bloghead\">Sourcetronic &#8211; Elettronica per un reale valore aggiunto<\/h2>\n<p><img decoding=\"async\" style=\"width: 700px; height: 263px;\" src=\"https:\/\/www.sourcetronic.com\/wp-content\/uploads\/2020\/05\/azienda.jpg\" alt=\"Azienda\"\/><\/p>\n<p>In qualit\u00e0 di fornitore a tutto campo di apparecchi elettrici, elettronica e software per i settori della tecnologia di azionamento e di misura, Sourcetronic supporta i clienti in patria e all&#8217;estero nel raggiungimento degli obiettivi prefissati e nel pieno sfruttamento del loro potenziale. Fin dalla sua fondazione, i prodotti e l&#8217;ampia gamma di servizi dell&#8217;azienda di Brema sono stati sinonimo di precisione, affidabilit\u00e0 e alta qualit\u00e0 dell&#8217;ingegneria tedesca. Un&#8217;altra componente essenziale della catena di valore aggiunto Sourcetronic \u00e8 l&#8217;eccellente servizio. Tecnici e consulenti mantengono uno stretto contatto personale con il cliente. Ci\u00f2 significa che non rimangono domande senza risposta, che si escludono malintesi e che ogni apparecchio tecnico pu\u00f2 essere utilizzato immediatamente e con la massima efficacia.<\/p>\n<h2>Con comfort ed efficienza<\/h2>\n<p>Lo sviluppo continua. In tutti i settori. Affinch\u00e9 possiate stare sempre al passo, il team altamente qualificato di Sourcetronic migliora costantemente le sue potenti tecnologie. I clienti beneficiano di ogni fase di sviluppo grazie ad un maggior comfort e ad una maggiore efficienza al pi\u00f9 recente livello tecnico. Questo rende la partnership con Sourcetronic un investimento per il futuro.<\/p>\n<h2>Nel luogo delle possibilit\u00e0<\/h2>\n<p>Uno sguardo alla sede centrale dell&#8217;azienda rivela molto della sua immagine di s\u00e9. Brema come localit\u00e0 aerospaziale \u00e8 considerata uno dei pi\u00f9 importanti motori dell&#8217;innovazione in Germania. Inoltre, virt\u00f9 anseatiche come la ragione, la lungimiranza e l&#8217;equit\u00e0 sono richieste in tutto il mondo. Come tipica azienda di Brema, Sourcetronic unisce queste virt\u00f9 per creare un concetto di prodotto e di servizio eccezionale. L&#8217;azienda ha scelto deliberatamente di stabilirsi nel Parco Tecnologico, in qualit\u00e0 di vicino diretto dell'&#8221;Universit\u00e0 di Eccellenza di Brema&#8221;. Perch\u00e9 la vicinanza al top della ricerca e l&#8217;ambizioso junior staff garantisce uno scambio creativo e una guida innovativa. Noti clienti nazionali e internazionali citano il collegamento logistico ottimale a Brema come un ulteriore Sourcetronic Plus. Dalla sede logistica pi\u00f9 importante della Germania, i prodotti Sourcetronic raggiungono sempre la loro destinazione in tempo per fornirvi un supporto professionale e orientato alle soluzioni.<\/p>\n<h2>Riferimenti<\/h2>\n<p>ABB b.v.<br \/>\nAEG LDW GmbH &amp; Co. KG<br \/>\nAgramkow S\/A<br \/>\nAirbus GmbH<br \/>\nAqua Signal AG<br \/>\nATLAS Elektronik GmbH<br \/>\nAndritz Hydro GmbH<br \/>\nAudi AG<br \/>\nAUGUST BR\u00d6TJE GmbH<br \/>\nAutodesk S.a.r.l.<br \/>\nBang &amp; Olufsen medicom a\/s<br \/>\nBalkhausen Division of Brady GmbH<br \/>\nBeijing RuiBo Ltd.<br \/>\nBernstein AG<br \/>\nBlock Transformatoren-Elektronik GmbH &amp; Co. KG<br \/>\nContinental Automotive International<br \/>\nCooper Tools GmbH<br \/>\nCorning Calbe Systems GmbH<br \/>\nDaimler AG<br \/>\nDanfoss A\/S<br \/>\nDLR Deutsches Zentrum f\u00fcr Luft u. Raumfahrt<br \/>\nDolmar GmbH<br \/>\nDr\u00e4ger Medical AG<br \/>\nEaton Industries<br \/>\nElektro Mack GmbH<br \/>\nElster AG<br \/>\nEnercon GmbH<br \/>\nEppendorf AG<br \/>\nErwin Quarder Systemtechnik GmbH<br \/>\nESW GmbH<br \/>\nForschungszentrum Juelich GmbH<br \/>\nFraunhofer Institut IISB\/IWU\/ENAS<br \/>\nGrundfos A\/S<br \/>\nHella KGaA Hueck &amp; Co.<br \/>\nIBAK GmbH &amp; Co. KG<br \/>\nKampmann GmbH<br \/>\nKernkraftwerk Gundremmingen GmbH<br \/>\nLabinal GmbH<br \/>\nLenze Drive Systems GmbH<br \/>\nLeoni Wiring Systems<br \/>\nLufthansa Technik AG<br \/>\nLumberg GmbH<br \/>\nMastervolt International BV<br \/>\nMax Planck Institute<br \/>\nMdexx GmbH<br \/>\nMelecs Holding GmbH<br \/>\nMiele Cie. GmbH &amp; Co.<br \/>\nMTU Canada<br \/>\nMVV Energie AG<br \/>\nNabertherm GmbH<br \/>\nNorka St\u00e4cker GmbH &amp; Co. KG<br \/>\nPanasonic Electric Europe<br \/>\nPhilips GmbH Lighting<br \/>\nPhilips Medizin Systeme GmbH<br \/>\nPhoenix Contact Electronics GmbH<br \/>\nPhonix Mercano GmbH<br \/>\nRhode &amp; Schwarz GmbH<br \/>\nRobert Bosch GmbH<br \/>\nRockwell Automation AG<br \/>\nSaia-Burgess GmbH &amp; Co. KG<br \/>\nSEW Eurodrive GmbH &amp; Co. KG<br \/>\nSchunk Motorensysteme GmbH<br \/>\nSiemens AG<br \/>\nTechnische Universit\u00e4t Berlin<br \/>\nTechnische Universit\u00e4t M\u00fcnchen<br \/>\nTesto AG<br \/>\nUniversity of Bern<br \/>\nVishay International<br \/>\nVolkswagen AG<br \/>\nWibo Heizungen<br \/>\nWilhelm Altendorf GmbH<\/p>\n","protected":false},"excerpt":{"rendered":"<p>Sourcetronic &#8211; Elettronica per un reale valore aggiunto In qualit\u00e0 di fornitore a tutto campo di apparecchi elettrici, elettronica e software per [&hellip;]<\/p>\n","protected":false},"author":22,"featured_media":0,"parent":0,"menu_order":0,"comment_status":"open","ping_status":"open","template":"","meta":{"footnotes":""},"class_list":["post-3165","page","type-page","status-publish","hentry"],"yoast_head":"<!-- This site is optimized with the Yoast SEO plugin v27.3 - https:\/\/yoast.com\/product\/yoast-seo-wordpress\/ -->\n<title>Azienda - Sourcetronic GmbH<\/title>\n<meta name=\"robots\" content=\"index, follow, max-snippet:-1, max-image-preview:large, max-video-preview:-1\" \/>\n<meta property=\"og:locale\" content=\"it_IT\" \/>\n<meta property=\"og:type\" content=\"article\" \/>\n<meta property=\"og:title\" content=\"Azienda - Sourcetronic GmbH\" \/>\n<meta property=\"og:description\" content=\"Sourcetronic &#8211; Elettronica per un reale valore aggiunto In qualit\u00e0 di fornitore a tutto campo di apparecchi elettrici, elettronica e software per [&hellip;]\" \/>\n<meta property=\"og:url\" content=\"https:\/\/www.sourcetronic.com\/it\/azienda\/\" \/>\n<meta property=\"og:site_name\" content=\"Sourcetronic GmbH\" \/>\n<meta property=\"article:modified_time\" content=\"2022-12-07T12:09:28+00:00\" \/>\n<meta property=\"og:image\" content=\"https:\/\/www.sourcetronic.com\/wp-content\/uploads\/2020\/05\/azienda.jpg\" \/>\n<meta name=\"twitter:card\" content=\"summary_large_image\" \/>\n<meta name=\"twitter:label1\" content=\"Est. reading time\" \/>\n\t<meta name=\"twitter:data1\" content=\"4 minutes\" \/>\n<!-- \/ Yoast SEO plugin. -->","yoast_head_json":{"title":"Azienda - Sourcetronic GmbH","robots":{"index":"index","follow":"follow","max-snippet":"max-snippet:-1","max-image-preview":"max-image-preview:large","max-video-preview":"max-video-preview:-1"},"og_locale":"it_IT","og_type":"article","og_title":"Azienda - Sourcetronic GmbH","og_description":"Sourcetronic &#8211; Elettronica per un reale valore aggiunto In qualit\u00e0 di fornitore a tutto campo di apparecchi elettrici, elettronica e software per [&hellip;]","og_url":"https:\/\/www.sourcetronic.com\/it\/azienda\/","og_site_name":"Sourcetronic GmbH","article_modified_time":"2022-12-07T12:09:28+00:00","og_image":[{"url":"https:\/\/www.sourcetronic.com\/wp-content\/uploads\/2020\/05\/azienda.jpg","type":"","width":"","height":""}],"twitter_card":"summary_large_image","twitter_misc":{"Est. reading time":"4 minutes"},"schema":{"@context":"https:\/\/schema.org","@graph":[{"@type":"WebPage","@id":"https:\/\/www.sourcetronic.com\/it\/azienda\/","url":"https:\/\/www.sourcetronic.com\/it\/azienda\/","name":"Azienda - Sourcetronic GmbH","isPartOf":{"@id":"https:\/\/www.sourcetronic.com\/it\/#website"},"primaryImageOfPage":{"@id":"https:\/\/www.sourcetronic.com\/it\/azienda\/#primaryimage"},"image":{"@id":"https:\/\/www.sourcetronic.com\/it\/azienda\/#primaryimage"},"thumbnailUrl":"https:\/\/www.sourcetronic.com\/wp-content\/uploads\/2020\/05\/azienda.jpg","datePublished":"2019-12-27T15:30:13+00:00","dateModified":"2022-12-07T12:09:28+00:00","breadcrumb":{"@id":"https:\/\/www.sourcetronic.com\/it\/azienda\/#breadcrumb"},"inLanguage":"it","potentialAction":[{"@type":"ReadAction","target":["https:\/\/www.sourcetronic.com\/it\/azienda\/"]}]},{"@type":"ImageObject","inLanguage":"it","@id":"https:\/\/www.sourcetronic.com\/it\/azienda\/#primaryimage","url":"https:\/\/www.sourcetronic.com\/wp-content\/uploads\/2020\/05\/azienda.jpg","contentUrl":"https:\/\/www.sourcetronic.com\/wp-content\/uploads\/2020\/05\/azienda.jpg"},{"@type":"BreadcrumbList","@id":"https:\/\/www.sourcetronic.com\/it\/azienda\/#breadcrumb","itemListElement":[{"@type":"ListItem","position":1,"name":"Home","item":"https:\/\/www.sourcetronic.com\/shop\/it\/"},{"@type":"ListItem","position":2,"name":"Azienda"}]},{"@type":"WebSite","@id":"https:\/\/www.sourcetronic.com\/it\/#website","url":"https:\/\/www.sourcetronic.com\/it\/","name":"Sourcetronic GmbH","description":"we love electrons","publisher":{"@id":"https:\/\/www.sourcetronic.com\/it\/#organization"},"potentialAction":[{"@type":"SearchAction","target":{"@type":"EntryPoint","urlTemplate":"https:\/\/www.sourcetronic.com\/it\/?s={search_term_string}"},"query-input":{"@type":"PropertyValueSpecification","valueRequired":true,"valueName":"search_term_string"}}],"inLanguage":"it"},{"@type":"Organization","@id":"https:\/\/www.sourcetronic.com\/it\/#organization","name":"Sourcetronic GmbH","url":"https:\/\/www.sourcetronic.com\/it\/","logo":{"@type":"ImageObject","inLanguage":"it","@id":"https:\/\/www.sourcetronic.com\/it\/#\/schema\/logo\/image\/","url":"https:\/\/www.sourcetronic.com\/wp-content\/uploads\/2019\/07\/st-icon-logo.png","contentUrl":"https:\/\/www.sourcetronic.com\/wp-content\/uploads\/2019\/07\/st-icon-logo.png","width":500,"height":500,"caption":"Sourcetronic GmbH"},"image":{"@id":"https:\/\/www.sourcetronic.com\/it\/#\/schema\/logo\/image\/"}}]}},"_links":{"self":[{"href":"https:\/\/www.sourcetronic.com\/it\/wp-json\/wp\/v2\/pages\/3165","targetHints":{"allow":["GET"]}}],"collection":[{"href":"https:\/\/www.sourcetronic.com\/it\/wp-json\/wp\/v2\/pages"}],"about":[{"href":"https:\/\/www.sourcetronic.com\/it\/wp-json\/wp\/v2\/types\/page"}],"author":[{"embeddable":true,"href":"https:\/\/www.sourcetronic.com\/it\/wp-json\/wp\/v2\/users\/22"}],"replies":[{"embeddable":true,"href":"https:\/\/www.sourcetronic.com\/it\/wp-json\/wp\/v2\/comments?post=3165"}],"version-history":[{"count":6,"href":"https:\/\/www.sourcetronic.com\/it\/wp-json\/wp\/v2\/pages\/3165\/revisions"}],"predecessor-version":[{"id":5001,"href":"https:\/\/www.sourcetronic.com\/it\/wp-json\/wp\/v2\/pages\/3165\/revisions\/5001"}],"wp:attachment":[{"href":"https:\/\/www.sourcetronic.com\/it\/wp-json\/wp\/v2\/media?parent=3165"}],"curies":[{"name":"wp","href":"https:\/\/api.w.org\/{rel}","templated":true}]}}