{"id":3170,"date":"2020-03-31T15:00:00","date_gmt":"2020-03-31T13:00:00","guid":{"rendered":"https:\/\/www.sourcetronic.com\/?page_id=3170"},"modified":"2025-04-09T07:58:44","modified_gmt":"2025-04-09T05:58:44","slug":"faq","status":"publish","type":"page","link":"https:\/\/www.sourcetronic.com\/fr\/faq\/","title":{"rendered":"FAQ"},"content":{"rendered":"<h2 class=\"bloghead\">R\u00e9glage et param\u00e9trage du variateur de fr\u00e9quence<\/h2>\n<p>Vous trouverez ici des conseils utiles et des FAQ dans le domaine de la technique de mesure et d&#8217;entra\u00eenement. Vous y apprendrez par exemple la diff\u00e9rence entre l&#8217;\u00e9talonnage et le r\u00e9glage d&#8217;un appareil de mesure, comment s\u00e9curiser un poste d&#8217;essai haute tension conform\u00e9ment aux normes, ainsi que les aides au r\u00e9glage et au param\u00e9trage des variateurs de fr\u00e9quence ST300, ST500, ST600 et des mod\u00e8les pr\u00e9c\u00e9dents.<\/p>\n<p>Cette FAQ offre non seulement des r\u00e9ponses \u00e0 toutes les questions de param\u00e9trage, mais aussi des r\u00e9ponses aux questions concernant le dimensionnement correct du variateur de fr\u00e9quence par rapport \u00e0 votre moteur. N&#8217;h\u00e9sitez pas \u00e0 proposer d&#8217;autres questions \u00e0 l&#8217;adresse suivante :<\/p>\n<p><a style=\"text-decoration: none;\" title=\"Proposer un nouveau terme de glossaire\" href=\"https:\/\/www.sourcetronic.com\/shop\/fr\/contacter\">Sugg\u00e9rer une nouvelle entr\u00e9e<\/a><\/p>\n","protected":false},"excerpt":{"rendered":"<p>R\u00e9glage et param\u00e9trage du variateur de fr\u00e9quence Vous trouverez ici des conseils utiles et des FAQ dans le domaine de la technique [&hellip;]<\/p>\n","protected":false},"author":22,"featured_media":0,"parent":0,"menu_order":0,"comment_status":"open","ping_status":"open","template":"template-faq-index.php","meta":{"footnotes":""},"class_list":["post-3170","page","type-page","status-publish","hentry"],"yoast_head":"<!-- This site is optimized with the Yoast SEO plugin v27.3 - https:\/\/yoast.com\/product\/yoast-seo-wordpress\/ -->\n<title>FAQ - Sourcetronic GmbH<\/title>\n<meta name=\"robots\" content=\"index, follow, max-snippet:-1, max-image-preview:large, max-video-preview:-1\" \/>\n<meta property=\"og:locale\" content=\"fr_FR\" \/>\n<meta property=\"og:type\" content=\"article\" \/>\n<meta property=\"og:title\" content=\"FAQ - Sourcetronic GmbH\" \/>\n<meta property=\"og:description\" content=\"R\u00e9glage et param\u00e9trage du variateur de fr\u00e9quence Vous trouverez ici des conseils utiles et des FAQ dans le domaine de la technique [&hellip;]\" \/>\n<meta property=\"og:url\" content=\"https:\/\/www.sourcetronic.com\/fr\/faq\/\" \/>\n<meta property=\"og:site_name\" content=\"Sourcetronic GmbH\" \/>\n<meta property=\"article:modified_time\" content=\"2025-04-09T05:58:44+00:00\" \/>\n<meta name=\"twitter:card\" content=\"summary_large_image\" \/>\n<meta name=\"twitter:label1\" content=\"Est. reading time\" \/>\n\t<meta name=\"twitter:data1\" content=\"1 minute\" \/>\n<!-- \/ Yoast SEO plugin. -->","yoast_head_json":{"title":"FAQ - Sourcetronic GmbH","robots":{"index":"index","follow":"follow","max-snippet":"max-snippet:-1","max-image-preview":"max-image-preview:large","max-video-preview":"max-video-preview:-1"},"og_locale":"fr_FR","og_type":"article","og_title":"FAQ - Sourcetronic GmbH","og_description":"R\u00e9glage et param\u00e9trage du variateur de fr\u00e9quence Vous trouverez ici des conseils utiles et des FAQ dans le domaine de la technique [&hellip;]","og_url":"https:\/\/www.sourcetronic.com\/fr\/faq\/","og_site_name":"Sourcetronic GmbH","article_modified_time":"2025-04-09T05:58:44+00:00","twitter_card":"summary_large_image","twitter_misc":{"Est. reading time":"1 minute"},"schema":{"@context":"https:\/\/schema.org","@graph":[{"@type":"WebPage","@id":"https:\/\/www.sourcetronic.com\/fr\/faq\/","url":"https:\/\/www.sourcetronic.com\/fr\/faq\/","name":"FAQ - Sourcetronic GmbH","isPartOf":{"@id":"https:\/\/www.sourcetronic.com\/fr\/#website"},"datePublished":"2020-03-31T13:00:00+00:00","dateModified":"2025-04-09T05:58:44+00:00","breadcrumb":{"@id":"https:\/\/www.sourcetronic.com\/fr\/faq\/#breadcrumb"},"inLanguage":"fr","potentialAction":[{"@type":"ReadAction","target":["https:\/\/www.sourcetronic.com\/fr\/faq\/"]}]},{"@type":"BreadcrumbList","@id":"https:\/\/www.sourcetronic.com\/fr\/faq\/#breadcrumb","itemListElement":[{"@type":"ListItem","position":1,"name":"Home","item":"https:\/\/www.sourcetronic.com\/shop\/fr\/"},{"@type":"ListItem","position":2,"name":"FAQ"}]},{"@type":"WebSite","@id":"https:\/\/www.sourcetronic.com\/fr\/#website","url":"https:\/\/www.sourcetronic.com\/fr\/","name":"Sourcetronic GmbH","description":"we love electrons","publisher":{"@id":"https:\/\/www.sourcetronic.com\/fr\/#organization"},"potentialAction":[{"@type":"SearchAction","target":{"@type":"EntryPoint","urlTemplate":"https:\/\/www.sourcetronic.com\/fr\/?s={search_term_string}"},"query-input":{"@type":"PropertyValueSpecification","valueRequired":true,"valueName":"search_term_string"}}],"inLanguage":"fr"},{"@type":"Organization","@id":"https:\/\/www.sourcetronic.com\/fr\/#organization","name":"Sourcetronic GmbH","url":"https:\/\/www.sourcetronic.com\/fr\/","logo":{"@type":"ImageObject","inLanguage":"fr","@id":"https:\/\/www.sourcetronic.com\/fr\/#\/schema\/logo\/image\/","url":"https:\/\/www.sourcetronic.com\/wp-content\/uploads\/2019\/07\/st-icon-logo.png","contentUrl":"https:\/\/www.sourcetronic.com\/wp-content\/uploads\/2019\/07\/st-icon-logo.png","width":500,"height":500,"caption":"Sourcetronic GmbH"},"image":{"@id":"https:\/\/www.sourcetronic.com\/fr\/#\/schema\/logo\/image\/"}}]}},"_links":{"self":[{"href":"https:\/\/www.sourcetronic.com\/fr\/wp-json\/wp\/v2\/pages\/3170","targetHints":{"allow":["GET"]}}],"collection":[{"href":"https:\/\/www.sourcetronic.com\/fr\/wp-json\/wp\/v2\/pages"}],"about":[{"href":"https:\/\/www.sourcetronic.com\/fr\/wp-json\/wp\/v2\/types\/page"}],"author":[{"embeddable":true,"href":"https:\/\/www.sourcetronic.com\/fr\/wp-json\/wp\/v2\/users\/22"}],"replies":[{"embeddable":true,"href":"https:\/\/www.sourcetronic.com\/fr\/wp-json\/wp\/v2\/comments?post=3170"}],"version-history":[{"count":5,"href":"https:\/\/www.sourcetronic.com\/fr\/wp-json\/wp\/v2\/pages\/3170\/revisions"}],"predecessor-version":[{"id":6130,"href":"https:\/\/www.sourcetronic.com\/fr\/wp-json\/wp\/v2\/pages\/3170\/revisions\/6130"}],"wp:attachment":[{"href":"https:\/\/www.sourcetronic.com\/fr\/wp-json\/wp\/v2\/media?parent=3170"}],"curies":[{"name":"wp","href":"https:\/\/api.w.org\/{rel}","templated":true}]}}