{"id":3167,"date":"2019-12-27T17:29:58","date_gmt":"2019-12-27T15:29:58","guid":{"rendered":"https:\/\/www.sourcetronic.com\/?page_id=3167"},"modified":"2022-12-07T13:51:51","modified_gmt":"2022-12-07T11:51:51","slug":"societe","status":"publish","type":"page","link":"https:\/\/www.sourcetronic.com\/fr\/societe\/","title":{"rendered":"Soci\u00e9t\u00e9"},"content":{"rendered":"<h2 class=\"bloghead\">Sourcetronic &#8211; L&#8217;\u00e9lectronique pour une r\u00e9elle valeur ajout\u00e9e<\/h2>\n<p><img decoding=\"async\" style=\"width: 700px; height: 263px;\" src=\"https:\/\/www.sourcetronic.com\/wp-content\/uploads\/2020\/05\/societe.jpg\" alt=\"Societe\"\/><\/p>\n<p>En tant que fournisseur complet d&#8217;appareils \u00e9lectriques, d&#8217;\u00e9lectronique et de logiciels pour les secteurs des techniques d&#8217;entra\u00eenement et de mesure, Sourcetronic aide ses clients en Allemagne et \u00e0 l&#8217;\u00e9tranger \u00e0 atteindre les objectifs fix\u00e9s et \u00e0 exploiter pleinement leur potentiel. Depuis sa cr\u00e9ation, les produits et la gamme compl\u00e8te de services de l&#8217;entreprise de Br\u00eame sont synonymes de pr\u00e9cision, de fiabilit\u00e9 et de haute qualit\u00e9 de l&#8217;ing\u00e9nierie allemande. Un autre \u00e9l\u00e9ment essentiel de la cha\u00eene de valeur ajout\u00e9e de Sourcetronic est l&#8217;excellence du service. Les techniciens et les conseillers entretiennent un contact personnel \u00e9troit avec le client. Cela signifie qu&#8217;aucune question ne reste sans r\u00e9ponse, que les malentendus sont exclus et que chaque appareil technique peut \u00eatre utilis\u00e9 imm\u00e9diatement et aussi efficacement que vous le souhaitez.<\/p>\n<h2>Avec confort et efficacit\u00e9<\/h2>\n<p>Le d\u00e9veloppement se poursuit. Dans tous les domaines. Pour que vous puissiez suivre le rythme \u00e0 tout moment, l&#8217;\u00e9quipe hautement qualifi\u00e9e de Sourcetronic am\u00e9liore constamment ses puissantes technologies. Les clients b\u00e9n\u00e9ficient de chaque \u00e9tape du d\u00e9veloppement gr\u00e2ce \u00e0 un confort et une efficacit\u00e9 accrus au dernier niveau technique. Cela fait du partenariat avec Sourcetronic un investissement pour l&#8217;avenir.<\/p>\n<h2>A l&#8217;emplacement des possibilit\u00e9s<\/h2>\n<p>Un coup d&#8217;\u0153il au si\u00e8ge social de l&#8217;entreprise r\u00e9v\u00e8le beaucoup sur l&#8217;image qu&#8217;elle a d&#8217;elle-m\u00eame. Le site a\u00e9ronautique de Br\u00eame est consid\u00e9r\u00e9 comme l&#8217;un des plus importants moteurs d&#8217;innovation en Allemagne. De plus, les vertus hans\u00e9atiques telles que la raison, la clairvoyance et l&#8217;\u00e9quit\u00e9 sont demand\u00e9es dans le monde entier. En tant qu&#8217;entreprise typique de Br\u00eame, Sourcetronic combine ces vertus pour cr\u00e9er un concept de produit et de service exceptionnel. L&#8217;entreprise a \u00e9galement choisi d\u00e9lib\u00e9r\u00e9ment de s&#8217;implanter dans le parc technologique, en tant que voisin direct de l'&#8221;Excellence University Bremen&#8221;. Parce que la proximit\u00e9 avec la recherche de pointe et la rel\u00e8ve ambitieuse garantit un \u00e9change cr\u00e9atif et une direction novatrice. Des clients nationaux et internationaux renomm\u00e9s mentionnent la liaison logistique optimale \u00e0 Br\u00eame comme autre Sourcetronic Plus. Au d\u00e9part du principal site logistique d&#8217;Allemagne, les produits Sourcetronic arrivent toujours \u00e0 temps \u00e0 destination pour vous apporter un soutien professionnel et orient\u00e9 solution.<\/p>\n<h2>R\u00e9f\u00e9rences<\/h2>\n<p>ABB b.v.<br \/>\nAEG LDW GmbH &amp; Co. KG<br \/>\nAgramkow S\/A<br \/>\nAirbus GmbH<br \/>\nAqua Signal AG<br \/>\nATLAS Elektronik GmbH<br \/>\nAndritz Hydro GmbH<br \/>\nAudi AG<br \/>\nAUGUST BR\u00d6TJE GmbH<br \/>\nAutodesk S.a.r.l.<br \/>\nBang &amp; Olufsen medicom a\/s<br \/>\nBalkhausen Division of Brady GmbH<br \/>\nBeijing RuiBo Ltd.<br \/>\nBernstein AG<br \/>\nBlock Transformatoren-Elektronik GmbH &amp; Co. KG<br \/>\nContinental Automotive International<br \/>\nCooper Tools GmbH<br \/>\nCorning Calbe Systems GmbH<br \/>\nDaimler AG<br \/>\nDanfoss A\/S<br \/>\nDLR Deutsches Zentrum f\u00fcr Luft u. Raumfahrt<br \/>\nDolmar GmbH<br \/>\nDr\u00e4ger Medical AG<br \/>\nEaton Industries<br \/>\nElektro Mack GmbH<br \/>\nElster AG<br \/>\nEnercon GmbH<br \/>\nEppendorf AG<br \/>\nErwin Quarder Systemtechnik GmbH<br \/>\nESW GmbH<br \/>\nForschungszentrum Juelich GmbH<br \/>\nFraunhofer Institut IISB\/IWU\/ENAS<br \/>\nGrundfos A\/S<br \/>\nHella KGaA Hueck &amp; Co.<br \/>\nIBAK GmbH &amp; Co. KG<br \/>\nKampmann GmbH<br \/>\nKernkraftwerk Gundremmingen GmbH<br \/>\nLabinal GmbH<br \/>\nLenze Drive Systems GmbH<br \/>\nLeoni Wiring Systems<br \/>\nLufthansa Technik AG<br \/>\nLumberg GmbH<br \/>\nMastervolt International BV<br \/>\nMax Planck Institute<br \/>\nMdexx GmbH<br \/>\nMelecs Holding GmbH<br \/>\nMiele Cie. GmbH &amp; Co.<br \/>\nMTU Canada<br \/>\nMVV Energie AG<br \/>\nNabertherm GmbH<br \/>\nNorka St\u00e4cker GmbH &amp; Co. KG<br \/>\nPanasonic Electric Europe<br \/>\nPhilips GmbH Lighting<br \/>\nPhilips Medizin Systeme GmbH<br \/>\nPhoenix Contact Electronics GmbH<br \/>\nPhonix Mercano GmbH<br \/>\nRhode &amp; Schwarz GmbH<br \/>\nRobert Bosch GmbH<br \/>\nRockwell Automation AG<br \/>\nSaia-Burgess GmbH &amp; Co. KG<br \/>\nSEW Eurodrive GmbH &amp; Co. KG<br \/>\nSchunk Motorensysteme GmbH<br \/>\nSiemens AG<br \/>\nTechnische Universit\u00e4t Berlin<br \/>\nTechnische Universit\u00e4t M\u00fcnchen<br \/>\nTesto AG<br \/>\nUniversity of Bern<br \/>\nVishay International<br \/>\nVolkswagen AG<br \/>\nWibo Heizungen<br \/>\nWilhelm Altendorf GmbH<\/p>\n","protected":false},"excerpt":{"rendered":"<p>Sourcetronic &#8211; L&#8217;\u00e9lectronique pour une r\u00e9elle valeur ajout\u00e9e En tant que fournisseur complet d&#8217;appareils \u00e9lectriques, d&#8217;\u00e9lectronique et de logiciels pour les secteurs [&hellip;]<\/p>\n","protected":false},"author":22,"featured_media":0,"parent":0,"menu_order":0,"comment_status":"open","ping_status":"open","template":"","meta":{"footnotes":""},"class_list":["post-3167","page","type-page","status-publish","hentry"],"yoast_head":"<!-- This site is optimized with the Yoast SEO plugin v27.3 - https:\/\/yoast.com\/product\/yoast-seo-wordpress\/ -->\n<title>Soci\u00e9t\u00e9 - Sourcetronic GmbH<\/title>\n<meta name=\"robots\" content=\"index, follow, max-snippet:-1, max-image-preview:large, max-video-preview:-1\" \/>\n<meta property=\"og:locale\" content=\"fr_FR\" \/>\n<meta property=\"og:type\" content=\"article\" \/>\n<meta property=\"og:title\" content=\"Soci\u00e9t\u00e9 - Sourcetronic GmbH\" \/>\n<meta property=\"og:description\" content=\"Sourcetronic &#8211; L&#8217;\u00e9lectronique pour une r\u00e9elle valeur ajout\u00e9e En tant que fournisseur complet d&#8217;appareils \u00e9lectriques, d&#8217;\u00e9lectronique et de logiciels pour les secteurs [&hellip;]\" \/>\n<meta property=\"og:url\" content=\"https:\/\/www.sourcetronic.com\/fr\/societe\/\" \/>\n<meta property=\"og:site_name\" content=\"Sourcetronic GmbH\" \/>\n<meta property=\"article:modified_time\" content=\"2022-12-07T11:51:51+00:00\" \/>\n<meta property=\"og:image\" content=\"https:\/\/www.sourcetronic.com\/wp-content\/uploads\/2020\/05\/societe.jpg\" \/>\n<meta name=\"twitter:card\" content=\"summary_large_image\" \/>\n<meta name=\"twitter:label1\" content=\"Est. reading time\" \/>\n\t<meta name=\"twitter:data1\" content=\"4 minutes\" \/>\n<!-- \/ Yoast SEO plugin. -->","yoast_head_json":{"title":"Soci\u00e9t\u00e9 - Sourcetronic GmbH","robots":{"index":"index","follow":"follow","max-snippet":"max-snippet:-1","max-image-preview":"max-image-preview:large","max-video-preview":"max-video-preview:-1"},"og_locale":"fr_FR","og_type":"article","og_title":"Soci\u00e9t\u00e9 - Sourcetronic GmbH","og_description":"Sourcetronic &#8211; L&#8217;\u00e9lectronique pour une r\u00e9elle valeur ajout\u00e9e En tant que fournisseur complet d&#8217;appareils \u00e9lectriques, d&#8217;\u00e9lectronique et de logiciels pour les secteurs [&hellip;]","og_url":"https:\/\/www.sourcetronic.com\/fr\/societe\/","og_site_name":"Sourcetronic GmbH","article_modified_time":"2022-12-07T11:51:51+00:00","og_image":[{"url":"https:\/\/www.sourcetronic.com\/wp-content\/uploads\/2020\/05\/societe.jpg","type":"","width":"","height":""}],"twitter_card":"summary_large_image","twitter_misc":{"Est. reading time":"4 minutes"},"schema":{"@context":"https:\/\/schema.org","@graph":[{"@type":"WebPage","@id":"https:\/\/www.sourcetronic.com\/fr\/societe\/","url":"https:\/\/www.sourcetronic.com\/fr\/societe\/","name":"Soci\u00e9t\u00e9 - Sourcetronic GmbH","isPartOf":{"@id":"https:\/\/www.sourcetronic.com\/fr\/#website"},"primaryImageOfPage":{"@id":"https:\/\/www.sourcetronic.com\/fr\/societe\/#primaryimage"},"image":{"@id":"https:\/\/www.sourcetronic.com\/fr\/societe\/#primaryimage"},"thumbnailUrl":"https:\/\/www.sourcetronic.com\/wp-content\/uploads\/2020\/05\/societe.jpg","datePublished":"2019-12-27T15:29:58+00:00","dateModified":"2022-12-07T11:51:51+00:00","breadcrumb":{"@id":"https:\/\/www.sourcetronic.com\/fr\/societe\/#breadcrumb"},"inLanguage":"fr","potentialAction":[{"@type":"ReadAction","target":["https:\/\/www.sourcetronic.com\/fr\/societe\/"]}]},{"@type":"ImageObject","inLanguage":"fr","@id":"https:\/\/www.sourcetronic.com\/fr\/societe\/#primaryimage","url":"https:\/\/www.sourcetronic.com\/wp-content\/uploads\/2020\/05\/societe.jpg","contentUrl":"https:\/\/www.sourcetronic.com\/wp-content\/uploads\/2020\/05\/societe.jpg"},{"@type":"BreadcrumbList","@id":"https:\/\/www.sourcetronic.com\/fr\/societe\/#breadcrumb","itemListElement":[{"@type":"ListItem","position":1,"name":"Home","item":"https:\/\/www.sourcetronic.com\/shop\/fr\/"},{"@type":"ListItem","position":2,"name":"Soci\u00e9t\u00e9"}]},{"@type":"WebSite","@id":"https:\/\/www.sourcetronic.com\/fr\/#website","url":"https:\/\/www.sourcetronic.com\/fr\/","name":"Sourcetronic GmbH","description":"we love electrons","publisher":{"@id":"https:\/\/www.sourcetronic.com\/fr\/#organization"},"potentialAction":[{"@type":"SearchAction","target":{"@type":"EntryPoint","urlTemplate":"https:\/\/www.sourcetronic.com\/fr\/?s={search_term_string}"},"query-input":{"@type":"PropertyValueSpecification","valueRequired":true,"valueName":"search_term_string"}}],"inLanguage":"fr"},{"@type":"Organization","@id":"https:\/\/www.sourcetronic.com\/fr\/#organization","name":"Sourcetronic GmbH","url":"https:\/\/www.sourcetronic.com\/fr\/","logo":{"@type":"ImageObject","inLanguage":"fr","@id":"https:\/\/www.sourcetronic.com\/fr\/#\/schema\/logo\/image\/","url":"https:\/\/www.sourcetronic.com\/wp-content\/uploads\/2019\/07\/st-icon-logo.png","contentUrl":"https:\/\/www.sourcetronic.com\/wp-content\/uploads\/2019\/07\/st-icon-logo.png","width":500,"height":500,"caption":"Sourcetronic GmbH"},"image":{"@id":"https:\/\/www.sourcetronic.com\/fr\/#\/schema\/logo\/image\/"}}]}},"_links":{"self":[{"href":"https:\/\/www.sourcetronic.com\/fr\/wp-json\/wp\/v2\/pages\/3167","targetHints":{"allow":["GET"]}}],"collection":[{"href":"https:\/\/www.sourcetronic.com\/fr\/wp-json\/wp\/v2\/pages"}],"about":[{"href":"https:\/\/www.sourcetronic.com\/fr\/wp-json\/wp\/v2\/types\/page"}],"author":[{"embeddable":true,"href":"https:\/\/www.sourcetronic.com\/fr\/wp-json\/wp\/v2\/users\/22"}],"replies":[{"embeddable":true,"href":"https:\/\/www.sourcetronic.com\/fr\/wp-json\/wp\/v2\/comments?post=3167"}],"version-history":[{"count":4,"href":"https:\/\/www.sourcetronic.com\/fr\/wp-json\/wp\/v2\/pages\/3167\/revisions"}],"predecessor-version":[{"id":4996,"href":"https:\/\/www.sourcetronic.com\/fr\/wp-json\/wp\/v2\/pages\/3167\/revisions\/4996"}],"wp:attachment":[{"href":"https:\/\/www.sourcetronic.com\/fr\/wp-json\/wp\/v2\/media?parent=3167"}],"curies":[{"name":"wp","href":"https:\/\/api.w.org\/{rel}","templated":true}]}}