{"id":3316,"date":"2020-01-16T17:09:38","date_gmt":"2020-01-16T15:09:38","guid":{"rendered":"https:\/\/www.sourcetronic.com\/?page_id=3316"},"modified":"2023-03-28T08:41:58","modified_gmt":"2023-03-28T06:41:58","slug":"contacto","status":"publish","type":"page","link":"https:\/\/www.sourcetronic.com\/es\/contacto\/","title":{"rendered":"Contacto"},"content":{"rendered":"<h2 class=\"bloghead\">Su mayor calidad con electr\u00f3nica de precisi\u00f3n para servicio, laboratorio y producci\u00f3n<\/h2>\n<p>Sourcetronic GmbH | Fahrenheitstrasse 1 | D-28359 Bremen | Alemania<\/p>\n<p><strong>Tel\u00e9fono:\u2002+49 421 277 9999 | E-Mail:\u2002info@sourcetronic.com<\/strong><\/p>\n<p class=\"wpcf7-contact-form-not-found\"><strong>Error:<\/strong> Contact form not found.<\/p>\n","protected":false},"excerpt":{"rendered":"<p>Su mayor calidad con electr\u00f3nica de precisi\u00f3n para servicio, laboratorio y producci\u00f3n Sourcetronic GmbH | Fahrenheitstrasse 1 | D-28359 Bremen | Alemania [&hellip;]<\/p>\n","protected":false},"author":22,"featured_media":0,"parent":0,"menu_order":0,"comment_status":"open","ping_status":"open","template":"","meta":{"footnotes":""},"class_list":["post-3316","page","type-page","status-publish","hentry"],"yoast_head":"<!-- This site is optimized with the Yoast SEO plugin v27.3 - https:\/\/yoast.com\/product\/yoast-seo-wordpress\/ -->\n<title>Contacto - Sourcetronic GmbH<\/title>\n<meta name=\"robots\" content=\"index, follow, max-snippet:-1, max-image-preview:large, max-video-preview:-1\" \/>\n<meta property=\"og:locale\" content=\"es_ES\" \/>\n<meta property=\"og:type\" content=\"article\" \/>\n<meta property=\"og:title\" content=\"Contacto - Sourcetronic GmbH\" \/>\n<meta property=\"og:description\" content=\"Su mayor calidad con electr\u00f3nica de precisi\u00f3n para servicio, laboratorio y producci\u00f3n Sourcetronic GmbH | Fahrenheitstrasse 1 | D-28359 Bremen | Alemania [&hellip;]\" \/>\n<meta property=\"og:url\" content=\"https:\/\/www.sourcetronic.com\/es\/contacto\/\" \/>\n<meta property=\"og:site_name\" content=\"Sourcetronic GmbH\" \/>\n<meta property=\"article:modified_time\" content=\"2023-03-28T06:41:58+00:00\" \/>\n<meta name=\"twitter:card\" content=\"summary_large_image\" \/>\n<meta name=\"twitter:label1\" content=\"Est. reading time\" \/>\n\t<meta name=\"twitter:data1\" content=\"1 minute\" \/>\n<!-- \/ Yoast SEO plugin. -->","yoast_head_json":{"title":"Contacto - Sourcetronic GmbH","robots":{"index":"index","follow":"follow","max-snippet":"max-snippet:-1","max-image-preview":"max-image-preview:large","max-video-preview":"max-video-preview:-1"},"og_locale":"es_ES","og_type":"article","og_title":"Contacto - Sourcetronic GmbH","og_description":"Su mayor calidad con electr\u00f3nica de precisi\u00f3n para servicio, laboratorio y producci\u00f3n Sourcetronic GmbH | Fahrenheitstrasse 1 | D-28359 Bremen | Alemania [&hellip;]","og_url":"https:\/\/www.sourcetronic.com\/es\/contacto\/","og_site_name":"Sourcetronic GmbH","article_modified_time":"2023-03-28T06:41:58+00:00","twitter_card":"summary_large_image","twitter_misc":{"Est. reading time":"1 minute"},"schema":{"@context":"https:\/\/schema.org","@graph":[{"@type":"WebPage","@id":"https:\/\/www.sourcetronic.com\/es\/contacto\/","url":"https:\/\/www.sourcetronic.com\/es\/contacto\/","name":"Contacto - Sourcetronic GmbH","isPartOf":{"@id":"https:\/\/www.sourcetronic.com\/es\/#website"},"datePublished":"2020-01-16T15:09:38+00:00","dateModified":"2023-03-28T06:41:58+00:00","breadcrumb":{"@id":"https:\/\/www.sourcetronic.com\/es\/contacto\/#breadcrumb"},"inLanguage":"es","potentialAction":[{"@type":"ReadAction","target":["https:\/\/www.sourcetronic.com\/es\/contacto\/"]}]},{"@type":"BreadcrumbList","@id":"https:\/\/www.sourcetronic.com\/es\/contacto\/#breadcrumb","itemListElement":[{"@type":"ListItem","position":1,"name":"Home","item":"https:\/\/www.sourcetronic.com\/shop\/es\/"},{"@type":"ListItem","position":2,"name":"Contacto"}]},{"@type":"WebSite","@id":"https:\/\/www.sourcetronic.com\/es\/#website","url":"https:\/\/www.sourcetronic.com\/es\/","name":"Sourcetronic GmbH","description":"we love electrons","publisher":{"@id":"https:\/\/www.sourcetronic.com\/es\/#organization"},"potentialAction":[{"@type":"SearchAction","target":{"@type":"EntryPoint","urlTemplate":"https:\/\/www.sourcetronic.com\/es\/?s={search_term_string}"},"query-input":{"@type":"PropertyValueSpecification","valueRequired":true,"valueName":"search_term_string"}}],"inLanguage":"es"},{"@type":"Organization","@id":"https:\/\/www.sourcetronic.com\/es\/#organization","name":"Sourcetronic GmbH","url":"https:\/\/www.sourcetronic.com\/es\/","logo":{"@type":"ImageObject","inLanguage":"es","@id":"https:\/\/www.sourcetronic.com\/es\/#\/schema\/logo\/image\/","url":"https:\/\/www.sourcetronic.com\/wp-content\/uploads\/2019\/07\/st-icon-logo.png","contentUrl":"https:\/\/www.sourcetronic.com\/wp-content\/uploads\/2019\/07\/st-icon-logo.png","width":500,"height":500,"caption":"Sourcetronic GmbH"},"image":{"@id":"https:\/\/www.sourcetronic.com\/es\/#\/schema\/logo\/image\/"}}]}},"_links":{"self":[{"href":"https:\/\/www.sourcetronic.com\/es\/wp-json\/wp\/v2\/pages\/3316","targetHints":{"allow":["GET"]}}],"collection":[{"href":"https:\/\/www.sourcetronic.com\/es\/wp-json\/wp\/v2\/pages"}],"about":[{"href":"https:\/\/www.sourcetronic.com\/es\/wp-json\/wp\/v2\/types\/page"}],"author":[{"embeddable":true,"href":"https:\/\/www.sourcetronic.com\/es\/wp-json\/wp\/v2\/users\/22"}],"replies":[{"embeddable":true,"href":"https:\/\/www.sourcetronic.com\/es\/wp-json\/wp\/v2\/comments?post=3316"}],"version-history":[{"count":3,"href":"https:\/\/www.sourcetronic.com\/es\/wp-json\/wp\/v2\/pages\/3316\/revisions"}],"predecessor-version":[{"id":5173,"href":"https:\/\/www.sourcetronic.com\/es\/wp-json\/wp\/v2\/pages\/3316\/revisions\/5173"}],"wp:attachment":[{"href":"https:\/\/www.sourcetronic.com\/es\/wp-json\/wp\/v2\/media?parent=3316"}],"curies":[{"name":"wp","href":"https:\/\/api.w.org\/{rel}","templated":true}]}}