{"id":3161,"date":"2019-12-27T15:49:24","date_gmt":"2019-12-27T13:49:24","guid":{"rendered":"https:\/\/www.sourcetronic.com\/?page_id=3161"},"modified":"2022-12-07T14:08:53","modified_gmt":"2022-12-07T12:08:53","slug":"empresa","status":"publish","type":"page","link":"https:\/\/www.sourcetronic.com\/es\/empresa\/","title":{"rendered":"Empresa"},"content":{"rendered":"<h2 class=\"bloghead\">Sourcetronic &#8211; Electr\u00f3nica para un verdadero valor a\u00f1adido<\/h2>\n<p><img decoding=\"async\" style=\"width: 700px; height: 263px;\" src=\"https:\/\/www.sourcetronic.com\/wp-content\/uploads\/2020\/05\/empresa.jpg\" alt=\"Empresa\"\/><\/p>\n<p>Como proveedor completo de aparatos el\u00e9ctricos, electr\u00f3nica y software para los sectores de la t\u00e9cnica de accionamiento y medici\u00f3n, Sourcetronic apoya a los clientes nacionales y extranjeros en la consecuci\u00f3n de sus objetivos y en el aprovechamiento pleno de su potencial. Desde su fundaci\u00f3n, los productos y la amplia gama de servicios de la empresa de Bremen son sin\u00f3nimo de precisi\u00f3n, fiabilidad y alta calidad de la ingenier\u00eda alemana. Otro componente esencial de la cadena de valor a\u00f1adido de Sourcetronic es el excelente servicio. Los t\u00e9cnicos y consultores mantienen un estrecho contacto personal con el cliente. Esto significa que no hay preguntas que no se contesten, que se descartan los malentendidos y que cada dispositivo t\u00e9cnico puede utilizarse inmediatamente y con la eficacia que se desee.<\/p>\n<h2>Con confort y eficiencia<\/h2>\n<p>El desarrollo contin\u00faa. En todas las \u00e1reas. Para que usted pueda mantener el ritmo en todo momento, el equipo altamente cualificado de Sourcetronic est\u00e1 mejorando constantemente sus potentes tecnolog\u00edas. Los clientes se benefician de cada paso del desarrollo a trav\u00e9s de un mayor confort y eficiencia al \u00faltimo nivel t\u00e9cnico. Esto hace que la asociaci\u00f3n con Sourcetronic sea una inversi\u00f3n en el futuro.<\/p>\n<h2>En el lugar de las posibilidades<\/h2>\n<p>Una mirada a la sede de la empresa revela mucho sobre su imagen propia. Bremen como emplazamiento aeroespacial est\u00e1 considerado como uno de los motores de innovaci\u00f3n m\u00e1s importantes de Alemania. Adem\u00e1s, las virtudes hanse\u00e1ticas como la raz\u00f3n, la visi\u00f3n de futuro y la justicia son muy solicitadas en todo el mundo. Como empresa t\u00edpica de Bremen, Sourcetronic combina estas virtudes para crear un concepto sobresaliente de producto y servicio. La empresa tambi\u00e9n eligi\u00f3 deliberadamente la ubicaci\u00f3n en el Parque Tecnol\u00f3gico, como vecino directo de la &#8220;Universidad de Excelencia de Bremen&#8221;. Porque la proximidad a la investigaci\u00f3n de punta y a los ambiciosos j\u00f3venes garantiza un intercambio creativo y un liderazgo innovador. Clientes nacionales e internacionales de renombre mencionan la \u00f3ptima conexi\u00f3n log\u00edstica en Bremen como otro Sourcetronic Plus. Desde el centro log\u00edstico m\u00e1s importante de Alemania, los productos de Sourcetronic siempre llegan a su destino a tiempo para ofrecerle un apoyo profesional y orientado a la soluci\u00f3n.<\/p>\n<h2>Referencias<\/h2>\n<p>ABB b.v.<br \/>\nAEG LDW GmbH &amp; Co. KG<br \/>\nAgramkow S\/A<br \/>\nAirbus GmbH<br \/>\nAqua Signal AG<br \/>\nATLAS Elektronik GmbH<br \/>\nAndritz Hydro GmbH<br \/>\nAudi AG<br \/>\nAUGUST BR\u00d6TJE GmbH<br \/>\nAutodesk S.a.r.l.<br \/>\nBang &amp; Olufsen medicom a\/s<br \/>\nBalkhausen Division of Brady GmbH<br \/>\nBeijing RuiBo Ltd.<br \/>\nBernstein AG<br \/>\nBlock Transformatoren-Elektronik GmbH &amp; Co. KG<br \/>\nContinental Automotive International<br \/>\nCooper Tools GmbH<br \/>\nCorning Calbe Systems GmbH<br \/>\nDaimler AG<br \/>\nDanfoss A\/S<br \/>\nDLR Deutsches Zentrum f\u00fcr Luft u. Raumfahrt<br \/>\nDolmar GmbH<br \/>\nDr\u00e4ger Medical AG<br \/>\nEaton Industries<br \/>\nElektro Mack GmbH<br \/>\nElster AG<br \/>\nEnercon GmbH<br \/>\nEppendorf AG<br \/>\nErwin Quarder Systemtechnik GmbH<br \/>\nESW GmbH<br \/>\nForschungszentrum Juelich GmbH<br \/>\nFraunhofer Institut IISB\/IWU\/ENAS<br \/>\nGrundfos A\/S<br \/>\nHella KGaA Hueck &amp; Co.<br \/>\nIBAK GmbH &amp; Co. KG<br \/>\nKampmann GmbH<br \/>\nKernkraftwerk Gundremmingen GmbH<br \/>\nLabinal GmbH<br \/>\nLenze Drive Systems GmbH<br \/>\nLeoni Wiring Systems<br \/>\nLufthansa Technik AG<br \/>\nLumberg GmbH<br \/>\nMastervolt International BV<br \/>\nMax Planck Institute<br \/>\nMdexx GmbH<br \/>\nMelecs Holding GmbH<br \/>\nMiele Cie. GmbH &amp; Co.<br \/>\nMTU Canada<br \/>\nMVV Energie AG<br \/>\nNabertherm GmbH<br \/>\nNorka St\u00e4cker GmbH &amp; Co. KG<br \/>\nPanasonic Electric Europe<br \/>\nPhilips GmbH Lighting<br \/>\nPhilips Medizin Systeme GmbH<br \/>\nPhoenix Contact Electronics GmbH<br \/>\nPhonix Mercano GmbH<br \/>\nRhode &amp; Schwarz GmbH<br \/>\nRobert Bosch GmbH<br \/>\nRockwell Automation AG<br \/>\nSaia-Burgess GmbH &amp; Co. KG<br \/>\nSEW Eurodrive GmbH &amp; Co. KG<br \/>\nSchunk Motorensysteme GmbH<br \/>\nSiemens AG<br \/>\nTechnische Universit\u00e4t Berlin<br \/>\nTechnische Universit\u00e4t M\u00fcnchen<br \/>\nTesto AG<br \/>\nUniversity of Bern<br \/>\nVishay International<br \/>\nVolkswagen AG<br \/>\nWibo Heizungen<br \/>\nWilhelm Altendorf GmbH<\/p>\n","protected":false},"excerpt":{"rendered":"<p>Sourcetronic &#8211; Electr\u00f3nica para un verdadero valor a\u00f1adido Como proveedor completo de aparatos el\u00e9ctricos, electr\u00f3nica y software para los sectores de la [&hellip;]<\/p>\n","protected":false},"author":22,"featured_media":0,"parent":0,"menu_order":0,"comment_status":"open","ping_status":"open","template":"","meta":{"footnotes":""},"class_list":["post-3161","page","type-page","status-publish","hentry"],"yoast_head":"<!-- This site is optimized with the Yoast SEO plugin v27.3 - https:\/\/yoast.com\/product\/yoast-seo-wordpress\/ -->\n<title>Empresa - Sourcetronic GmbH<\/title>\n<meta name=\"robots\" content=\"index, follow, max-snippet:-1, max-image-preview:large, max-video-preview:-1\" \/>\n<meta property=\"og:locale\" content=\"es_ES\" \/>\n<meta property=\"og:type\" content=\"article\" \/>\n<meta property=\"og:title\" content=\"Empresa - Sourcetronic GmbH\" \/>\n<meta property=\"og:description\" content=\"Sourcetronic &#8211; Electr\u00f3nica para un verdadero valor a\u00f1adido Como proveedor completo de aparatos el\u00e9ctricos, electr\u00f3nica y software para los sectores de la [&hellip;]\" \/>\n<meta property=\"og:url\" content=\"https:\/\/www.sourcetronic.com\/es\/empresa\/\" \/>\n<meta property=\"og:site_name\" content=\"Sourcetronic GmbH\" \/>\n<meta property=\"article:modified_time\" content=\"2022-12-07T12:08:53+00:00\" \/>\n<meta property=\"og:image\" content=\"https:\/\/www.sourcetronic.com\/wp-content\/uploads\/2020\/05\/empresa.jpg\" \/>\n<meta name=\"twitter:card\" content=\"summary_large_image\" \/>\n<meta name=\"twitter:label1\" content=\"Est. reading time\" \/>\n\t<meta name=\"twitter:data1\" content=\"4 minutes\" \/>\n<!-- \/ Yoast SEO plugin. -->","yoast_head_json":{"title":"Empresa - Sourcetronic GmbH","robots":{"index":"index","follow":"follow","max-snippet":"max-snippet:-1","max-image-preview":"max-image-preview:large","max-video-preview":"max-video-preview:-1"},"og_locale":"es_ES","og_type":"article","og_title":"Empresa - Sourcetronic GmbH","og_description":"Sourcetronic &#8211; Electr\u00f3nica para un verdadero valor a\u00f1adido Como proveedor completo de aparatos el\u00e9ctricos, electr\u00f3nica y software para los sectores de la [&hellip;]","og_url":"https:\/\/www.sourcetronic.com\/es\/empresa\/","og_site_name":"Sourcetronic GmbH","article_modified_time":"2022-12-07T12:08:53+00:00","og_image":[{"url":"https:\/\/www.sourcetronic.com\/wp-content\/uploads\/2020\/05\/empresa.jpg","type":"","width":"","height":""}],"twitter_card":"summary_large_image","twitter_misc":{"Est. reading time":"4 minutes"},"schema":{"@context":"https:\/\/schema.org","@graph":[{"@type":"WebPage","@id":"https:\/\/www.sourcetronic.com\/es\/empresa\/","url":"https:\/\/www.sourcetronic.com\/es\/empresa\/","name":"Empresa - Sourcetronic GmbH","isPartOf":{"@id":"https:\/\/www.sourcetronic.com\/es\/#website"},"primaryImageOfPage":{"@id":"https:\/\/www.sourcetronic.com\/es\/empresa\/#primaryimage"},"image":{"@id":"https:\/\/www.sourcetronic.com\/es\/empresa\/#primaryimage"},"thumbnailUrl":"https:\/\/www.sourcetronic.com\/wp-content\/uploads\/2020\/05\/empresa.jpg","datePublished":"2019-12-27T13:49:24+00:00","dateModified":"2022-12-07T12:08:53+00:00","breadcrumb":{"@id":"https:\/\/www.sourcetronic.com\/es\/empresa\/#breadcrumb"},"inLanguage":"es","potentialAction":[{"@type":"ReadAction","target":["https:\/\/www.sourcetronic.com\/es\/empresa\/"]}]},{"@type":"ImageObject","inLanguage":"es","@id":"https:\/\/www.sourcetronic.com\/es\/empresa\/#primaryimage","url":"https:\/\/www.sourcetronic.com\/wp-content\/uploads\/2020\/05\/empresa.jpg","contentUrl":"https:\/\/www.sourcetronic.com\/wp-content\/uploads\/2020\/05\/empresa.jpg"},{"@type":"BreadcrumbList","@id":"https:\/\/www.sourcetronic.com\/es\/empresa\/#breadcrumb","itemListElement":[{"@type":"ListItem","position":1,"name":"Home","item":"https:\/\/www.sourcetronic.com\/shop\/es\/"},{"@type":"ListItem","position":2,"name":"Empresa"}]},{"@type":"WebSite","@id":"https:\/\/www.sourcetronic.com\/es\/#website","url":"https:\/\/www.sourcetronic.com\/es\/","name":"Sourcetronic GmbH","description":"we love electrons","publisher":{"@id":"https:\/\/www.sourcetronic.com\/es\/#organization"},"potentialAction":[{"@type":"SearchAction","target":{"@type":"EntryPoint","urlTemplate":"https:\/\/www.sourcetronic.com\/es\/?s={search_term_string}"},"query-input":{"@type":"PropertyValueSpecification","valueRequired":true,"valueName":"search_term_string"}}],"inLanguage":"es"},{"@type":"Organization","@id":"https:\/\/www.sourcetronic.com\/es\/#organization","name":"Sourcetronic GmbH","url":"https:\/\/www.sourcetronic.com\/es\/","logo":{"@type":"ImageObject","inLanguage":"es","@id":"https:\/\/www.sourcetronic.com\/es\/#\/schema\/logo\/image\/","url":"https:\/\/www.sourcetronic.com\/wp-content\/uploads\/2019\/07\/st-icon-logo.png","contentUrl":"https:\/\/www.sourcetronic.com\/wp-content\/uploads\/2019\/07\/st-icon-logo.png","width":500,"height":500,"caption":"Sourcetronic GmbH"},"image":{"@id":"https:\/\/www.sourcetronic.com\/es\/#\/schema\/logo\/image\/"}}]}},"_links":{"self":[{"href":"https:\/\/www.sourcetronic.com\/es\/wp-json\/wp\/v2\/pages\/3161","targetHints":{"allow":["GET"]}}],"collection":[{"href":"https:\/\/www.sourcetronic.com\/es\/wp-json\/wp\/v2\/pages"}],"about":[{"href":"https:\/\/www.sourcetronic.com\/es\/wp-json\/wp\/v2\/types\/page"}],"author":[{"embeddable":true,"href":"https:\/\/www.sourcetronic.com\/es\/wp-json\/wp\/v2\/users\/22"}],"replies":[{"embeddable":true,"href":"https:\/\/www.sourcetronic.com\/es\/wp-json\/wp\/v2\/comments?post=3161"}],"version-history":[{"count":4,"href":"https:\/\/www.sourcetronic.com\/es\/wp-json\/wp\/v2\/pages\/3161\/revisions"}],"predecessor-version":[{"id":5000,"href":"https:\/\/www.sourcetronic.com\/es\/wp-json\/wp\/v2\/pages\/3161\/revisions\/5000"}],"wp:attachment":[{"href":"https:\/\/www.sourcetronic.com\/es\/wp-json\/wp\/v2\/media?parent=3161"}],"curies":[{"name":"wp","href":"https:\/\/api.w.org\/{rel}","templated":true}]}}