{"id":3139,"date":"2019-12-27T15:49:28","date_gmt":"2019-12-27T13:49:28","guid":{"rendered":"https:\/\/www.sourcetronic.com\/?page_id=3139"},"modified":"2021-01-14T14:10:54","modified_gmt":"2021-01-14T12:10:54","slug":"blog","status":"publish","type":"page","link":"https:\/\/www.sourcetronic.com\/es\/blog\/","title":{"rendered":"Blog"},"content":{"rendered":"<h2 class=\"bloghead\">Blog sobre t\u00e9cnica de automatizaci\u00f3n, t\u00e9cnica de accionamiento, t\u00e9cnica de medici\u00f3n y ofertas de empleo en Bremen<\/h2>\n","protected":false},"excerpt":{"rendered":"<p>Blog sobre t\u00e9cnica de automatizaci\u00f3n, t\u00e9cnica de accionamiento, t\u00e9cnica de medici\u00f3n y ofertas de empleo en Bremen<\/p>\n","protected":false},"author":22,"featured_media":0,"parent":0,"menu_order":1,"comment_status":"open","ping_status":"open","template":"page-10.php","meta":{"footnotes":""},"class_list":["post-3139","page","type-page","status-publish","hentry"],"yoast_head":"<!-- This site is optimized with the Yoast SEO plugin v27.3 - https:\/\/yoast.com\/product\/yoast-seo-wordpress\/ -->\n<title>Blog - Sourcetronic GmbH<\/title>\n<meta name=\"robots\" content=\"index, follow, max-snippet:-1, max-image-preview:large, max-video-preview:-1\" \/>\n<meta property=\"og:locale\" content=\"es_ES\" \/>\n<meta property=\"og:type\" content=\"article\" \/>\n<meta property=\"og:title\" content=\"Blog - Sourcetronic GmbH\" \/>\n<meta property=\"og:description\" content=\"Blog sobre t\u00e9cnica de automatizaci\u00f3n, t\u00e9cnica de accionamiento, t\u00e9cnica de medici\u00f3n y ofertas de empleo en Bremen\" \/>\n<meta property=\"og:url\" content=\"https:\/\/www.sourcetronic.com\/es\/blog\/\" \/>\n<meta property=\"og:site_name\" content=\"Sourcetronic GmbH\" \/>\n<meta property=\"article:modified_time\" content=\"2021-01-14T12:10:54+00:00\" \/>\n<meta name=\"twitter:card\" content=\"summary_large_image\" \/>\n<!-- \/ Yoast SEO plugin. -->","yoast_head_json":{"title":"Blog - Sourcetronic GmbH","robots":{"index":"index","follow":"follow","max-snippet":"max-snippet:-1","max-image-preview":"max-image-preview:large","max-video-preview":"max-video-preview:-1"},"og_locale":"es_ES","og_type":"article","og_title":"Blog - Sourcetronic GmbH","og_description":"Blog sobre t\u00e9cnica de automatizaci\u00f3n, t\u00e9cnica de accionamiento, t\u00e9cnica de medici\u00f3n y ofertas de empleo en Bremen","og_url":"https:\/\/www.sourcetronic.com\/es\/blog\/","og_site_name":"Sourcetronic GmbH","article_modified_time":"2021-01-14T12:10:54+00:00","twitter_card":"summary_large_image","schema":{"@context":"https:\/\/schema.org","@graph":[{"@type":"WebPage","@id":"https:\/\/www.sourcetronic.com\/es\/blog\/","url":"https:\/\/www.sourcetronic.com\/es\/blog\/","name":"Blog - Sourcetronic GmbH","isPartOf":{"@id":"https:\/\/www.sourcetronic.com\/es\/#website"},"datePublished":"2019-12-27T13:49:28+00:00","dateModified":"2021-01-14T12:10:54+00:00","breadcrumb":{"@id":"https:\/\/www.sourcetronic.com\/es\/blog\/#breadcrumb"},"inLanguage":"es","potentialAction":[{"@type":"ReadAction","target":["https:\/\/www.sourcetronic.com\/es\/blog\/"]}]},{"@type":"BreadcrumbList","@id":"https:\/\/www.sourcetronic.com\/es\/blog\/#breadcrumb","itemListElement":[{"@type":"ListItem","position":1,"name":"Home","item":"https:\/\/www.sourcetronic.com\/shop\/es\/"},{"@type":"ListItem","position":2,"name":"Blog"}]},{"@type":"WebSite","@id":"https:\/\/www.sourcetronic.com\/es\/#website","url":"https:\/\/www.sourcetronic.com\/es\/","name":"Sourcetronic GmbH","description":"we love electrons","publisher":{"@id":"https:\/\/www.sourcetronic.com\/es\/#organization"},"potentialAction":[{"@type":"SearchAction","target":{"@type":"EntryPoint","urlTemplate":"https:\/\/www.sourcetronic.com\/es\/?s={search_term_string}"},"query-input":{"@type":"PropertyValueSpecification","valueRequired":true,"valueName":"search_term_string"}}],"inLanguage":"es"},{"@type":"Organization","@id":"https:\/\/www.sourcetronic.com\/es\/#organization","name":"Sourcetronic GmbH","url":"https:\/\/www.sourcetronic.com\/es\/","logo":{"@type":"ImageObject","inLanguage":"es","@id":"https:\/\/www.sourcetronic.com\/es\/#\/schema\/logo\/image\/","url":"https:\/\/www.sourcetronic.com\/wp-content\/uploads\/2019\/07\/st-icon-logo.png","contentUrl":"https:\/\/www.sourcetronic.com\/wp-content\/uploads\/2019\/07\/st-icon-logo.png","width":500,"height":500,"caption":"Sourcetronic GmbH"},"image":{"@id":"https:\/\/www.sourcetronic.com\/es\/#\/schema\/logo\/image\/"}}]}},"_links":{"self":[{"href":"https:\/\/www.sourcetronic.com\/es\/wp-json\/wp\/v2\/pages\/3139","targetHints":{"allow":["GET"]}}],"collection":[{"href":"https:\/\/www.sourcetronic.com\/es\/wp-json\/wp\/v2\/pages"}],"about":[{"href":"https:\/\/www.sourcetronic.com\/es\/wp-json\/wp\/v2\/types\/page"}],"author":[{"embeddable":true,"href":"https:\/\/www.sourcetronic.com\/es\/wp-json\/wp\/v2\/users\/22"}],"replies":[{"embeddable":true,"href":"https:\/\/www.sourcetronic.com\/es\/wp-json\/wp\/v2\/comments?post=3139"}],"version-history":[{"count":1,"href":"https:\/\/www.sourcetronic.com\/es\/wp-json\/wp\/v2\/pages\/3139\/revisions"}],"predecessor-version":[{"id":3154,"href":"https:\/\/www.sourcetronic.com\/es\/wp-json\/wp\/v2\/pages\/3139\/revisions\/3154"}],"wp:attachment":[{"href":"https:\/\/www.sourcetronic.com\/es\/wp-json\/wp\/v2\/media?parent=3139"}],"curies":[{"name":"wp","href":"https:\/\/api.w.org\/{rel}","templated":true}]}}