{"id":8851,"date":"2025-10-01T13:42:16","date_gmt":"2025-10-01T11:42:16","guid":{"rendered":"https:\/\/www.sourcetronic.com\/societe\/"},"modified":"2025-10-01T13:42:16","modified_gmt":"2025-10-01T11:42:16","slug":"societe","status":"publish","type":"page","link":"https:\/\/www.sourcetronic.com\/dk\/societe\/","title":{"rendered":"Soci\u00e9t\u00e9"},"content":{"rendered":"<h2 class=\"bloghead\">Sourcetronic &#8211; Elektronik til \u00e6gte merv\u00e6rdi<\/h2>\n<p><img decoding=\"async\" style=\"width: 700px; height: 263px;\" src=\"https:\/\/www.sourcetronic.com\/wp-content\/uploads\/2020\/05\/societe.jpg\" alt=\"Virksomhed\"><\/p>\n<p>Som totalleverand\u00f8r af elektrisk udstyr, elektronik og software til drev- og m\u00e5leteknologisektoren hj\u00e6lper Sourcetronic sine kunder i ind- og udland med at n\u00e5 deres m\u00e5l og udnytte deres fulde potentiale. Siden grundl\u00e6ggelsen har den Bremen-baserede virksomheds produkter og omfattende udvalg af tjenester v\u00e6ret synonymt med pr\u00e6cision, p\u00e5lidelighed og den h\u00f8je kvalitet af tysk ingeni\u00f8rkunst. Et andet n\u00f8gleelement i Sourcetronics v\u00e6rdiskabende k\u00e6de er fremragende service. Teknikere og r\u00e5dgivere har t\u00e6t personlig kontakt med kunderne. Det betyder, at ingen sp\u00f8rgsm\u00e5l forbliver ubesvarede, at misforst\u00e5elser udelukkes, og at alt teknisk udstyr kan bruges med det samme og s\u00e5 effektivt, som du \u00f8nsker.    <\/p>\n<h2>Med komfort og effektivitet<\/h2>\n<p>Udviklingen forts\u00e6tter. P\u00e5 alle omr\u00e5der. For at du hele tiden kan f\u00f8lge med, forbedrer Sourcetronics h\u00f8jt kvalificerede team konstant sine st\u00e6rke teknologier. Kunderne nyder godt af hvert eneste udviklingstrin takket v\u00e6re \u00f8get komfort og effektivitet p\u00e5 det nyeste tekniske niveau. Det g\u00f8r et partnerskab med Sourcetronic til en investering i fremtiden.    <\/p>\n<h2>Hvor mulighederne er<\/h2>\n<p>Et blik p\u00e5 virksomhedens hovedkvarter afsl\u00f8rer en hel del om dens selvopfattelse. Flyvepladsen i Bremen betragtes som en af Tysklands vigtigste drivkr\u00e6fter for innovation. Desuden er hanseatiske dyder som fornuft, fremsynethed og retf\u00e6rdighed efterspurgt i hele verden. Som en typisk Bremen-virksomhed kombinerer Sourcetronic disse dyder for at skabe et enest\u00e5ende produkt- og servicekoncept. Virksomheden har ogs\u00e5 bevidst valgt at placere sig i teknologiparken som direkte nabo til Bremen Excellence University. N\u00e6rheden til banebrydende forskning og ambiti\u00f8se unge mennesker garanterer nemlig kreativ udveksling og innovativt lederskab. Anerkendte nationale og internationale kunder n\u00e6vner den optimale logistikforbindelse i Bremen som et andet Sourcetronic-plus. Fra Tysklands vigtigste logistiksted ankommer Sourcetronic-produkter altid til deres destination til tiden og giver dig professionel, l\u00f8sningsorienteret support.       <\/p>\n<h2>Referencer<\/h2>\n<p>ABB b.v.<br \/>\nAEG LDW GmbH &amp; Co KG<br \/>\nAgramkow S\/A<br \/>\nAirbus GmbH<br \/>\nAqua Signal AG<br \/>\nATLAS Elektronik GmbH<br \/>\nAndritz Hydro GmbH<br \/>\nAudi AG<br \/>\nAUGUST BR\u00d6TJE GmbH<br \/>\nAutodesk S.a.r.l.<br \/>\nBang &amp; Olufsen medicom a\/s<br \/>\nBalkhausen Division of Brady GmbH<br \/>\nBeijing RuiBo Ltd.<br \/>\nBernstein AG<br \/>\nBlock Transformatoren-Elektronik GmbH &amp; Co. KG<br \/>\nContinental Automotive International<br \/>\nCooper Tools GmbH<br \/>\nCorning Calbe Systems GmbH<br \/>\nDaimler AG<br \/>\nDanfoss A\/S<br \/>\nDLR Deutsches Zentrum f\u00fcr Luft u. Raumfahrt<br \/>\nDolmar GmbH<br \/>\nDr\u00e4ger Medical AG<br \/>\nEaton Industries<br \/>\nElektro Mack GmbH<br \/>\nElster AG<br \/>\nEnercon GmbH<br \/>\nEppendorf AG<br \/>\nErwin Quarder Systemtechnik GmbH<br \/>\nESW GmbH<br \/>\nForschungszentrum Juelich GmbH<br \/>\nFraunhofer Institut IISB\/IWU\/ENAS<br \/>\nGrundfos A\/S<br \/>\nHella KGaA Hueck &amp; Co.<br \/>\nIBAK GmbH &amp; Co KG<br \/>\nKampmann GmbH<br \/>\nKernkraftwerk Gundremmingen GmbH<br \/>\nLabinal GmbH<br \/>\nLenze Drive Systems GmbH<br \/>\nLeoni Ledningssystemer<br \/>\nLufthansa Technik AG<br \/>\nLumberg GmbH<br \/>\nMastervolt International BV<br \/>\nMax Planck Institute<br \/>\nMdexx GmbH<br \/>\nMelecs Holding GmbH<br \/>\nMiele Cie. GmbH &amp; Co.<br \/>\nMTU Canada<br \/>\nMVV Energie AG<br \/>\nNabertherm GmbH<br \/>\nNorka St\u00e4cker GmbH &amp; Co KG<br \/>\nPanasonic Electric Europe<br \/>\nPhilips GmbH Belysning<br \/>\nPhilips Medizin Systeme GmbH<br \/>\nPhoenix Contact Electronics GmbH<br \/>\nPhonix Mercano GmbH<br \/>\nRhode &amp; Schwarz GmbH<br \/>\nRobert Bosch GmbH<br \/>\nRockwell Automation AG<br \/>\nSaia-Burgess GmbH &amp; Co KG<br \/>\nSEW Eurodrive GmbH &amp; Co KG<br \/>\nSchunk Motorensysteme GmbH<br \/>\nSiemens AG<br \/>\nTeknisk Universitet Berlin<br \/>\nTeknisk Universitet M\u00fcnchen<br \/>\nTesto AG<br \/>\nUniversitetet i Bern<br \/>\nVishay International<br \/>\nVolkswagen AG<br \/>\nWibo Heizungen<br \/>\nWilhelm Altendorf GmbH<\/p>\n","protected":false},"excerpt":{"rendered":"<p>Sourcetronic &#8211; Elektronik til \u00e6gte merv\u00e6rdi Som totalleverand\u00f8r af elektrisk udstyr, elektronik og software til drev- og m\u00e5leteknologisektoren hj\u00e6lper Sourcetronic sine kunder [&hellip;]<\/p>\n","protected":false},"author":22,"featured_media":0,"parent":0,"menu_order":0,"comment_status":"open","ping_status":"open","template":"","meta":{"footnotes":""},"class_list":["post-8851","page","type-page","status-publish","hentry"],"yoast_head":"<!-- This site is optimized with the Yoast SEO plugin v27.3 - https:\/\/yoast.com\/product\/yoast-seo-wordpress\/ -->\n<title>Soci\u00e9t\u00e9 - Sourcetronic GmbH<\/title>\n<meta name=\"robots\" content=\"index, follow, max-snippet:-1, max-image-preview:large, max-video-preview:-1\" \/>\n<meta property=\"og:locale\" content=\"en_US\" \/>\n<meta property=\"og:type\" content=\"article\" \/>\n<meta property=\"og:title\" content=\"Soci\u00e9t\u00e9 - Sourcetronic GmbH\" \/>\n<meta property=\"og:description\" content=\"Sourcetronic &#8211; Elektronik til \u00e6gte merv\u00e6rdi Som totalleverand\u00f8r af elektrisk udstyr, elektronik og software til drev- og m\u00e5leteknologisektoren hj\u00e6lper Sourcetronic sine kunder [&hellip;]\" \/>\n<meta property=\"og:url\" content=\"https:\/\/www.sourcetronic.com\/dk\/societe\/\" \/>\n<meta property=\"og:site_name\" content=\"Sourcetronic GmbH\" \/>\n<meta property=\"og:image\" content=\"https:\/\/www.sourcetronic.com\/wp-content\/uploads\/2020\/05\/societe.jpg\" \/>\n<meta name=\"twitter:card\" content=\"summary_large_image\" \/>\n<meta name=\"twitter:label1\" content=\"Est. reading time\" \/>\n\t<meta name=\"twitter:data1\" content=\"3 minutes\" \/>\n<!-- \/ Yoast SEO plugin. -->","yoast_head_json":{"title":"Soci\u00e9t\u00e9 - Sourcetronic GmbH","robots":{"index":"index","follow":"follow","max-snippet":"max-snippet:-1","max-image-preview":"max-image-preview:large","max-video-preview":"max-video-preview:-1"},"og_locale":"en_US","og_type":"article","og_title":"Soci\u00e9t\u00e9 - Sourcetronic GmbH","og_description":"Sourcetronic &#8211; Elektronik til \u00e6gte merv\u00e6rdi Som totalleverand\u00f8r af elektrisk udstyr, elektronik og software til drev- og m\u00e5leteknologisektoren hj\u00e6lper Sourcetronic sine kunder [&hellip;]","og_url":"https:\/\/www.sourcetronic.com\/dk\/societe\/","og_site_name":"Sourcetronic GmbH","og_image":[{"url":"https:\/\/www.sourcetronic.com\/wp-content\/uploads\/2020\/05\/societe.jpg","type":"","width":"","height":""}],"twitter_card":"summary_large_image","twitter_misc":{"Est. reading time":"3 minutes"},"schema":{"@context":"https:\/\/schema.org","@graph":[{"@type":"WebPage","@id":"https:\/\/www.sourcetronic.com\/dk\/societe\/","url":"https:\/\/www.sourcetronic.com\/dk\/societe\/","name":"Soci\u00e9t\u00e9 - Sourcetronic GmbH","isPartOf":{"@id":"https:\/\/www.sourcetronic.com\/dk\/#website"},"primaryImageOfPage":{"@id":"https:\/\/www.sourcetronic.com\/dk\/societe\/#primaryimage"},"image":{"@id":"https:\/\/www.sourcetronic.com\/dk\/societe\/#primaryimage"},"thumbnailUrl":"https:\/\/www.sourcetronic.com\/wp-content\/uploads\/2020\/05\/societe.jpg","datePublished":"2025-10-01T11:42:16+00:00","breadcrumb":{"@id":"https:\/\/www.sourcetronic.com\/dk\/societe\/#breadcrumb"},"inLanguage":"dk","potentialAction":[{"@type":"ReadAction","target":["https:\/\/www.sourcetronic.com\/dk\/societe\/"]}]},{"@type":"ImageObject","inLanguage":"dk","@id":"https:\/\/www.sourcetronic.com\/dk\/societe\/#primaryimage","url":"https:\/\/www.sourcetronic.com\/wp-content\/uploads\/2020\/05\/societe.jpg","contentUrl":"https:\/\/www.sourcetronic.com\/wp-content\/uploads\/2020\/05\/societe.jpg"},{"@type":"BreadcrumbList","@id":"https:\/\/www.sourcetronic.com\/dk\/societe\/#breadcrumb","itemListElement":[{"@type":"ListItem","position":1,"name":"Home","item":"https:\/\/www.sourcetronic.com\/shop\/dk\/"},{"@type":"ListItem","position":2,"name":"Soci\u00e9t\u00e9"}]},{"@type":"WebSite","@id":"https:\/\/www.sourcetronic.com\/dk\/#website","url":"https:\/\/www.sourcetronic.com\/dk\/","name":"Sourcetronic GmbH","description":"we love electrons","publisher":{"@id":"https:\/\/www.sourcetronic.com\/dk\/#organization"},"potentialAction":[{"@type":"SearchAction","target":{"@type":"EntryPoint","urlTemplate":"https:\/\/www.sourcetronic.com\/dk\/?s={search_term_string}"},"query-input":{"@type":"PropertyValueSpecification","valueRequired":true,"valueName":"search_term_string"}}],"inLanguage":"dk"},{"@type":"Organization","@id":"https:\/\/www.sourcetronic.com\/dk\/#organization","name":"Sourcetronic GmbH","url":"https:\/\/www.sourcetronic.com\/dk\/","logo":{"@type":"ImageObject","inLanguage":"dk","@id":"https:\/\/www.sourcetronic.com\/dk\/#\/schema\/logo\/image\/","url":"https:\/\/www.sourcetronic.com\/wp-content\/uploads\/2019\/07\/st-icon-logo.png","contentUrl":"https:\/\/www.sourcetronic.com\/wp-content\/uploads\/2019\/07\/st-icon-logo.png","width":500,"height":500,"caption":"Sourcetronic GmbH"},"image":{"@id":"https:\/\/www.sourcetronic.com\/dk\/#\/schema\/logo\/image\/"}}]}},"_links":{"self":[{"href":"https:\/\/www.sourcetronic.com\/dk\/wp-json\/wp\/v2\/pages\/8851","targetHints":{"allow":["GET"]}}],"collection":[{"href":"https:\/\/www.sourcetronic.com\/dk\/wp-json\/wp\/v2\/pages"}],"about":[{"href":"https:\/\/www.sourcetronic.com\/dk\/wp-json\/wp\/v2\/types\/page"}],"author":[{"embeddable":true,"href":"https:\/\/www.sourcetronic.com\/dk\/wp-json\/wp\/v2\/users\/22"}],"replies":[{"embeddable":true,"href":"https:\/\/www.sourcetronic.com\/dk\/wp-json\/wp\/v2\/comments?post=8851"}],"version-history":[{"count":0,"href":"https:\/\/www.sourcetronic.com\/dk\/wp-json\/wp\/v2\/pages\/8851\/revisions"}],"wp:attachment":[{"href":"https:\/\/www.sourcetronic.com\/dk\/wp-json\/wp\/v2\/media?parent=8851"}],"curies":[{"name":"wp","href":"https:\/\/api.w.org\/{rel}","templated":true}]}}