{"id":8384,"date":"2024-10-14T10:48:08","date_gmt":"2024-10-14T08:48:08","guid":{"rendered":"https:\/\/www.sourcetronic.com\/ofte-stillede-spoergsmaal\/"},"modified":"2025-11-25T11:41:40","modified_gmt":"2025-11-25T09:41:40","slug":"ofte-stillede-spoergsmaal","status":"publish","type":"page","link":"https:\/\/www.sourcetronic.com\/dk\/ofte-stillede-spoergsmaal\/","title":{"rendered":"FAQ"},"content":{"rendered":"<h2 class=\"bloghead\">Ofte stillede sp\u00f8rgsm\u00e5l og svar &#8211; Drevteknologi &amp; m\u00e5leteknologi<\/h2>\n<p>Her finder du nyttige tips og ofte stillede sp\u00f8rgsm\u00e5l inden for m\u00e5leteknik og drevteknik. Du kan f.eks. l\u00e6se om forskellen p\u00e5 at kalibrere og justere et m\u00e5leinstrument, hvordan du sikrer en h\u00f8jsp\u00e6ndingsteststation i overensstemmelse med standarderne, og du kan f\u00e5 hj\u00e6lp til indstilling og parametrering af frekvensomformermodellerne ST500, ST9000, ST8100 og ST7800. Denne FAQ giver ikke kun svar p\u00e5 alle parametriseringssp\u00f8rgsm\u00e5l, men ogs\u00e5 svar p\u00e5 sp\u00f8rgsm\u00e5l om korrekt dimensionering af frekvensomformeren i forhold til din motor. Du er velkommen til at foresl\u00e5 yderligere sp\u00f8rgsm\u00e5l under:<\/p>\n<p><a style=\"text-decoration: none;\" title=\"Foresl\u00e5 et nyt ordlistebegreb\" href=\"http:\/\/www.sourcetronic.com\/shop\/dk\/kontakt\/\">Foresl\u00e5 en ny post<\/a><\/p>\n","protected":false},"excerpt":{"rendered":"<p>Ofte stillede sp\u00f8rgsm\u00e5l og svar &#8211; Drevteknologi &amp; m\u00e5leteknologi Her finder du nyttige tips og ofte stillede sp\u00f8rgsm\u00e5l inden for m\u00e5leteknik og [&hellip;]<\/p>\n","protected":false},"author":22,"featured_media":0,"parent":0,"menu_order":0,"comment_status":"open","ping_status":"open","template":"template-faq-index.php","meta":{"footnotes":""},"class_list":["post-8384","page","type-page","status-publish","hentry"],"yoast_head":"<!-- This site is optimized with the Yoast SEO plugin v27.4 - https:\/\/yoast.com\/product\/yoast-seo-wordpress\/ -->\n<title>FAQ om drev- og m\u00e5leteknologi - Sourcetronic GmbH<\/title>\n<meta name=\"description\" content=\"Her finder du nyttige tips om emnet frekvensomformere. Denne FAQ giver svar p\u00e5 sp\u00f8rgsm\u00e5l om parametrering, dimensionering og meget mere.\" \/>\n<meta name=\"robots\" content=\"index, follow, max-snippet:-1, max-image-preview:large, max-video-preview:-1\" \/>\n<meta property=\"og:locale\" content=\"en_US\" \/>\n<meta property=\"og:type\" content=\"article\" \/>\n<meta property=\"og:title\" content=\"FAQ om drev- og m\u00e5leteknologi - Sourcetronic GmbH\" \/>\n<meta property=\"og:description\" content=\"Her finder du nyttige tips om emnet frekvensomformere. Denne FAQ giver svar p\u00e5 sp\u00f8rgsm\u00e5l om parametrering, dimensionering og meget mere.\" \/>\n<meta property=\"og:url\" content=\"https:\/\/www.sourcetronic.com\/dk\/ofte-stillede-spoergsmaal\/\" \/>\n<meta property=\"og:site_name\" content=\"Sourcetronic GmbH\" \/>\n<meta property=\"article:modified_time\" content=\"2025-11-25T09:41:40+00:00\" \/>\n<meta name=\"twitter:card\" content=\"summary_large_image\" \/>\n<meta name=\"twitter:label1\" content=\"Est. reading time\" \/>\n\t<meta name=\"twitter:data1\" content=\"1 minute\" \/>\n<!-- \/ Yoast SEO plugin. -->","yoast_head_json":{"title":"FAQ om drev- og m\u00e5leteknologi - Sourcetronic GmbH","description":"Her finder du nyttige tips om emnet frekvensomformere. Denne FAQ giver svar p\u00e5 sp\u00f8rgsm\u00e5l om parametrering, dimensionering og meget mere.","robots":{"index":"index","follow":"follow","max-snippet":"max-snippet:-1","max-image-preview":"max-image-preview:large","max-video-preview":"max-video-preview:-1"},"og_locale":"en_US","og_type":"article","og_title":"FAQ om drev- og m\u00e5leteknologi - Sourcetronic GmbH","og_description":"Her finder du nyttige tips om emnet frekvensomformere. Denne FAQ giver svar p\u00e5 sp\u00f8rgsm\u00e5l om parametrering, dimensionering og meget mere.","og_url":"https:\/\/www.sourcetronic.com\/dk\/ofte-stillede-spoergsmaal\/","og_site_name":"Sourcetronic GmbH","article_modified_time":"2025-11-25T09:41:40+00:00","twitter_card":"summary_large_image","twitter_misc":{"Est. reading time":"1 minute"},"schema":{"@context":"https:\/\/schema.org","@graph":[{"@type":"WebPage","@id":"https:\/\/www.sourcetronic.com\/dk\/ofte-stillede-spoergsmaal\/","url":"https:\/\/www.sourcetronic.com\/dk\/ofte-stillede-spoergsmaal\/","name":"FAQ om drev- og m\u00e5leteknologi - Sourcetronic GmbH","isPartOf":{"@id":"https:\/\/www.sourcetronic.com\/dk\/#website"},"datePublished":"2024-10-14T08:48:08+00:00","dateModified":"2025-11-25T09:41:40+00:00","description":"Her finder du nyttige tips om emnet frekvensomformere. Denne FAQ giver svar p\u00e5 sp\u00f8rgsm\u00e5l om parametrering, dimensionering og meget mere.","breadcrumb":{"@id":"https:\/\/www.sourcetronic.com\/dk\/ofte-stillede-spoergsmaal\/#breadcrumb"},"inLanguage":"dk","potentialAction":[{"@type":"ReadAction","target":["https:\/\/www.sourcetronic.com\/dk\/ofte-stillede-spoergsmaal\/"]}]},{"@type":"BreadcrumbList","@id":"https:\/\/www.sourcetronic.com\/dk\/ofte-stillede-spoergsmaal\/#breadcrumb","itemListElement":[{"@type":"ListItem","position":1,"name":"Home","item":"https:\/\/www.sourcetronic.com\/shop\/dk\/"},{"@type":"ListItem","position":2,"name":"FAQ"}]},{"@type":"WebSite","@id":"https:\/\/www.sourcetronic.com\/dk\/#website","url":"https:\/\/www.sourcetronic.com\/dk\/","name":"Sourcetronic GmbH","description":"we love electrons","publisher":{"@id":"https:\/\/www.sourcetronic.com\/dk\/#organization"},"potentialAction":[{"@type":"SearchAction","target":{"@type":"EntryPoint","urlTemplate":"https:\/\/www.sourcetronic.com\/dk\/?s={search_term_string}"},"query-input":{"@type":"PropertyValueSpecification","valueRequired":true,"valueName":"search_term_string"}}],"inLanguage":"dk"},{"@type":"Organization","@id":"https:\/\/www.sourcetronic.com\/dk\/#organization","name":"Sourcetronic GmbH","url":"https:\/\/www.sourcetronic.com\/dk\/","logo":{"@type":"ImageObject","inLanguage":"dk","@id":"https:\/\/www.sourcetronic.com\/dk\/#\/schema\/logo\/image\/","url":"https:\/\/www.sourcetronic.com\/wp-content\/uploads\/2019\/07\/st-icon-logo.png","contentUrl":"https:\/\/www.sourcetronic.com\/wp-content\/uploads\/2019\/07\/st-icon-logo.png","width":500,"height":500,"caption":"Sourcetronic GmbH"},"image":{"@id":"https:\/\/www.sourcetronic.com\/dk\/#\/schema\/logo\/image\/"}}]}},"_links":{"self":[{"href":"https:\/\/www.sourcetronic.com\/dk\/wp-json\/wp\/v2\/pages\/8384","targetHints":{"allow":["GET"]}}],"collection":[{"href":"https:\/\/www.sourcetronic.com\/dk\/wp-json\/wp\/v2\/pages"}],"about":[{"href":"https:\/\/www.sourcetronic.com\/dk\/wp-json\/wp\/v2\/types\/page"}],"author":[{"embeddable":true,"href":"https:\/\/www.sourcetronic.com\/dk\/wp-json\/wp\/v2\/users\/22"}],"replies":[{"embeddable":true,"href":"https:\/\/www.sourcetronic.com\/dk\/wp-json\/wp\/v2\/comments?post=8384"}],"version-history":[{"count":1,"href":"https:\/\/www.sourcetronic.com\/dk\/wp-json\/wp\/v2\/pages\/8384\/revisions"}],"predecessor-version":[{"id":8863,"href":"https:\/\/www.sourcetronic.com\/dk\/wp-json\/wp\/v2\/pages\/8384\/revisions\/8863"}],"wp:attachment":[{"href":"https:\/\/www.sourcetronic.com\/dk\/wp-json\/wp\/v2\/media?parent=8384"}],"curies":[{"name":"wp","href":"https:\/\/api.w.org\/{rel}","templated":true}]}}